{"id":8,"date":"2025-12-02T16:07:49","date_gmt":"2025-12-02T16:07:49","guid":{"rendered":"https:\/\/almazara.proclubagency.com\/?page_id=8"},"modified":"2026-02-15T19:26:22","modified_gmt":"2026-02-15T19:26:22","slug":"inicio","status":"publish","type":"page","link":"https:\/\/almazara.ch\/fr\/","title":{"rendered":"Accueil"},"content":{"rendered":"\t\t<div data-elementor-type=\"wp-post\" data-elementor-id=\"8\" class=\"elementor elementor-8\" data-elementor-post-type=\"page\">\n\t\t\t\t<div class=\"elementor-element elementor-element-f61dce3 e-flex e-con-boxed e-con e-parent\" data-id=\"f61dce3\" data-element_type=\"container\" data-e-type=\"container\" data-settings=\"{&quot;background_background&quot;:&quot;slideshow&quot;,&quot;background_slideshow_gallery&quot;:[{&quot;id&quot;:100,&quot;url&quot;:&quot;https:\\\/\\\/almazara.ch\\\/wp-content\\\/uploads\\\/2025\\\/12\\\/Banner-Almazara-1.webp&quot;},{&quot;id&quot;:103,&quot;url&quot;:&quot;https:\\\/\\\/almazara.ch\\\/wp-content\\\/uploads\\\/2025\\\/12\\\/Banner-Almazara-2.webp&quot;},{&quot;id&quot;:102,&quot;url&quot;:&quot;https:\\\/\\\/almazara.ch\\\/wp-content\\\/uploads\\\/2025\\\/12\\\/Banner-Almazara-3.webp&quot;},{&quot;id&quot;:99,&quot;url&quot;:&quot;https:\\\/\\\/almazara.ch\\\/wp-content\\\/uploads\\\/2025\\\/12\\\/Banner-Almazara-5.webp&quot;},{&quot;id&quot;:101,&quot;url&quot;:&quot;https:\\\/\\\/almazara.ch\\\/wp-content\\\/uploads\\\/2025\\\/12\\\/Banner-Almazara-4.webp&quot;}],&quot;background_slideshow_slide_duration&quot;:4000,&quot;background_slideshow_loop&quot;:&quot;yes&quot;,&quot;background_slideshow_slide_transition&quot;:&quot;fade&quot;,&quot;background_slideshow_transition_duration&quot;:500}\">\n\t\t\t\t\t<div class=\"e-con-inner\">\n\t\t<div class=\"elementor-element elementor-element-ca3da17 e-con-full e-flex e-con e-child\" data-id=\"ca3da17\" data-element_type=\"container\" data-e-type=\"container\">\n\t\t\t\t<div class=\"elementor-element elementor-element-94fc3d5 elementor-widget elementor-widget-image\" data-id=\"94fc3d5\" data-element_type=\"widget\" data-e-type=\"widget\" data-widget_type=\"image.default\">\n\t\t\t\t\t\t\t\t\t\t\t\t\t\t\t<img decoding=\"async\" width=\"500\" height=\"80\" src=\"https:\/\/almazara.ch\/wp-content\/uploads\/2025\/12\/Lettering-Almazara-Dorado.webp\" class=\"attachment-large size-large wp-image-231\" alt=\"\" srcset=\"https:\/\/almazara.ch\/wp-content\/uploads\/2025\/12\/Lettering-Almazara-Dorado.webp 500w, https:\/\/almazara.ch\/wp-content\/uploads\/2025\/12\/Lettering-Almazara-Dorado-300x48.webp 300w\" sizes=\"(max-width: 500px) 100vw, 500px\" \/>\t\t\t\t\t\t\t\t\t\t\t\t\t\t\t<\/div>\n\t\t\t\t<div class=\"elementor-element elementor-element-da18dcd elementor-widget elementor-widget-heading\" data-id=\"da18dcd\" data-element_type=\"widget\" data-e-type=\"widget\" data-widget_type=\"heading.default\">\n\t\t\t\t\t<h2 class=\"elementor-heading-title elementor-size-default\">Calidad de origen espa\u00f1ol<\/h2>\t\t\t\t<\/div>\n\t\t\t\t<\/div>\n\t\t\t\t\t<\/div>\n\t\t\t\t<\/div>\n\t\t<div class=\"elementor-element elementor-element-adeaf5b e-con-full e-flex e-con e-parent\" data-id=\"adeaf5b\" data-element_type=\"container\" data-e-type=\"container\" data-settings=\"{&quot;background_background&quot;:&quot;classic&quot;}\">\n\t\t<div class=\"elementor-element elementor-element-febad7b e-con-full e-flex e-con e-child\" data-id=\"febad7b\" data-element_type=\"container\" data-e-type=\"container\" data-settings=\"{&quot;background_background&quot;:&quot;classic&quot;}\">\n\t\t\t\t<div class=\"elementor-element elementor-element-1856760 elementor-widget elementor-widget-heading\" data-id=\"1856760\" data-element_type=\"widget\" data-e-type=\"widget\" data-widget_type=\"heading.default\">\n\t\t\t\t\t<h2 class=\"elementor-heading-title elementor-size-default\">Sobre Nosotros<\/h2>\t\t\t\t<\/div>\n\t\t\t\t<div class=\"elementor-element elementor-element-c24f714 elementor-widget__width-initial elementor-widget elementor-widget-text-editor\" data-id=\"c24f714\" data-element_type=\"widget\" data-e-type=\"widget\" data-widget_type=\"text-editor.default\">\n\t\t\t\t\t\t\t\t\t<p>En Almazara somos especialistas en jamones ib\u00e9ricos de distintas calidades y en aceite de oliva virgen extra de producci\u00f3n limitada, elaborado de forma natural y tradicional. Nuestras aceitunas se recogen a mano, nuestros procesos son controlados y cada producto pasa por nuestras manos antes de llegar a las suyas. Creemos profundamente que el sabor y la calidad nacen del respeto por la tierra, por el tiempo y por el productor.<\/p><p><span style=\"color: #e6ad00;\"><strong>Nuestra filosof\u00eda es clara: <\/strong><strong>\u201cEres lo que comes.\u201d<\/strong><\/span><br \/>Por eso solo ofrecemos productos que representan lo mejor de la cultura espa\u00f1ola en la gastron\u00f3mia. Uno de nuestros valores esenciales es la cercan\u00eda. Hemos construido una amplia red de clientes privados en Suiza gracias a un trato directo y personal. Nuestro equipo comercial trabaja siempre en primera persona, visitando a nuestros clientes, asesorando, recomendando y acompa\u00f1ando cada pedido con el cuidado que merece un producto de esta categor\u00eda.<\/p><p><span style=\"color: #e6ad00;\"><strong>M\u00e1s que vender, construimos relaciones.<\/strong><\/span><br \/>Creemos que la gastronom\u00eda espa\u00f1ola, cuando se presenta con rigor y pasi\u00f3n, habla por s\u00ed sola.<br \/>Bienvenidos a Almazara: aut\u00e9ntico sabor espa\u00f1ol y un servicio tan humano como nuestros or\u00edgenes.<\/p>\t\t\t\t\t\t\t\t<\/div>\n\t\t\t\t<\/div>\n\t\t<div class=\"elementor-element elementor-element-60c8286 e-con-full e-flex e-con e-child\" data-id=\"60c8286\" data-element_type=\"container\" data-e-type=\"container\" data-settings=\"{&quot;background_background&quot;:&quot;classic&quot;}\">\n\t\t\t\t<div class=\"elementor-element elementor-element-76fbe78 elementor-widget elementor-widget-image\" data-id=\"76fbe78\" data-element_type=\"widget\" data-e-type=\"widget\" data-widget_type=\"image.default\">\n\t\t\t\t\t\t\t\t\t\t\t\t\t\t\t<img fetchpriority=\"high\" decoding=\"async\" width=\"535\" height=\"1024\" src=\"https:\/\/almazara.ch\/wp-content\/uploads\/2026\/01\/serpiente-535x1024.webp\" class=\"attachment-large size-large wp-image-919\" alt=\"\" srcset=\"https:\/\/almazara.ch\/wp-content\/uploads\/2026\/01\/serpiente-535x1024.webp 535w, https:\/\/almazara.ch\/wp-content\/uploads\/2026\/01\/serpiente-157x300.webp 157w, https:\/\/almazara.ch\/wp-content\/uploads\/2026\/01\/serpiente.webp 736w\" sizes=\"(max-width: 535px) 100vw, 535px\" \/>\t\t\t\t\t\t\t\t\t\t\t\t\t\t\t<\/div>\n\t\t\t\t<\/div>\n\t\t\t\t<\/div>\n\t\t<div class=\"elementor-element elementor-element-2bdb7bf e-con-full e-flex e-con e-parent\" data-id=\"2bdb7bf\" data-element_type=\"container\" data-e-type=\"container\">\n\t\t<div class=\"elementor-element elementor-element-b6c39da e-con-full e-flex e-con e-child\" data-id=\"b6c39da\" data-element_type=\"container\" data-e-type=\"container\" data-settings=\"{&quot;background_background&quot;:&quot;video&quot;,&quot;background_video_link&quot;:&quot;https:\\\/\\\/youtu.be\\\/KgQYyvFYlDs&quot;,&quot;background_play_on_mobile&quot;:&quot;yes&quot;}\">\n\t\t<div class=\"elementor-background-video-container\">\n\t\t\t\t\t\t\t<div class=\"elementor-background-video-embed\" role=\"presentation\"><\/div>\n\t\t\t\t\t\t<\/div>\t\t<div class=\"elementor-element elementor-element-755b132 elementor-widget elementor-widget-heading\" data-id=\"755b132\" data-element_type=\"widget\" data-e-type=\"widget\" data-widget_type=\"heading.default\">\n\t\t\t\t\t<h2 class=\"elementor-heading-title elementor-size-default\">JAMONES DE IB\u00c9RICOS EN LIBERTAD<\/h2>\t\t\t\t<\/div>\n\t\t\t\t<div class=\"elementor-element elementor-element-bcf294c elementor-widget elementor-widget-heading\" data-id=\"bcf294c\" data-element_type=\"widget\" data-e-type=\"widget\" data-widget_type=\"heading.default\">\n\t\t\t\t\t<h2 class=\"elementor-heading-title elementor-size-default\">Curaci\u00f3n lenta y respeto absoluto por el proceso<\/h2>\t\t\t\t<\/div>\n\t\t\t\t<\/div>\n\t\t<div class=\"elementor-element elementor-element-098d2d2 e-con-full e-flex e-con e-child\" data-id=\"098d2d2\" data-element_type=\"container\" data-e-type=\"container\" data-settings=\"{&quot;background_background&quot;:&quot;classic&quot;}\">\n\t\t\t\t<div class=\"elementor-element elementor-element-69f1af1 elementor-widget elementor-widget-heading\" data-id=\"69f1af1\" data-element_type=\"widget\" data-e-type=\"widget\" data-widget_type=\"heading.default\">\n\t\t\t\t\t<h2 class=\"elementor-heading-title elementor-size-default\">Aceite de oliva de tierras andaluzas<\/h2>\t\t\t\t<\/div>\n\t\t\t\t<div class=\"elementor-element elementor-element-b3ece6d elementor-widget elementor-widget-heading\" data-id=\"b3ece6d\" data-element_type=\"widget\" data-e-type=\"widget\" data-widget_type=\"heading.default\">\n\t\t\t\t\t<h2 class=\"elementor-heading-title elementor-size-default\">Pureza, equilibrio y car\u00e1cter en cada gota<\/h2>\t\t\t\t<\/div>\n\t\t\t\t<\/div>\n\t\t<div class=\"elementor-element elementor-element-e0cdecb e-con-full e-flex e-con e-child\" data-id=\"e0cdecb\" data-element_type=\"container\" data-e-type=\"container\" data-settings=\"{&quot;background_background&quot;:&quot;video&quot;,&quot;background_video_link&quot;:&quot;https:\\\/\\\/youtu.be\\\/k09E8yiGLYc&quot;,&quot;background_play_on_mobile&quot;:&quot;yes&quot;}\">\n\t\t<div class=\"elementor-background-video-container\">\n\t\t\t\t\t\t\t<div class=\"elementor-background-video-embed\" role=\"presentation\"><\/div>\n\t\t\t\t\t\t<\/div>\t\t<div class=\"elementor-element elementor-element-de2d374 elementor-widget elementor-widget-heading\" data-id=\"de2d374\" data-element_type=\"widget\" data-e-type=\"widget\" data-widget_type=\"heading.default\">\n\t\t\t\t\t<h2 class=\"elementor-heading-title elementor-size-default\">un proceso artesanal<\/h2>\t\t\t\t<\/div>\n\t\t\t\t<div class=\"elementor-element elementor-element-6aef213 elementor-widget elementor-widget-heading\" data-id=\"6aef213\" data-element_type=\"widget\" data-e-type=\"widget\" data-widget_type=\"heading.default\">\n\t\t\t\t\t<h2 class=\"elementor-heading-title elementor-size-default\">Tradici\u00f3n, cuidado y extracci\u00f3n precisa<\/h2>\t\t\t\t<\/div>\n\t\t\t\t<\/div>\n\t\t<div class=\"elementor-element elementor-element-4c770d4 e-con-full e-flex e-con e-child\" data-id=\"4c770d4\" data-element_type=\"container\" data-e-type=\"container\" data-settings=\"{&quot;background_background&quot;:&quot;classic&quot;}\">\n\t\t\t\t<div class=\"elementor-element elementor-element-62bc036 elementor-widget elementor-widget-heading\" data-id=\"62bc036\" data-element_type=\"widget\" data-e-type=\"widget\" data-widget_type=\"heading.default\">\n\t\t\t\t\t<h2 class=\"elementor-heading-title elementor-size-default\"> SELECCI\u00d3N EXCLUSIVA <\/h2>\t\t\t\t<\/div>\n\t\t\t\t<div class=\"elementor-element elementor-element-6eabeb9 elementor-widget elementor-widget-heading\" data-id=\"6eabeb9\" data-element_type=\"widget\" data-e-type=\"widget\" data-widget_type=\"heading.default\">\n\t\t\t\t\t<h2 class=\"elementor-heading-title elementor-size-default\">Piezas limitadas y elegidas una a una<\/h2>\t\t\t\t<\/div>\n\t\t\t\t<\/div>\n\t\t\t\t<\/div>\n\t\t<div class=\"elementor-element elementor-element-34560aa e-flex e-con-boxed e-con e-parent\" data-id=\"34560aa\" data-element_type=\"container\" data-e-type=\"container\" data-settings=\"{&quot;background_background&quot;:&quot;classic&quot;}\">\n\t\t\t\t\t<div class=\"e-con-inner\">\n\t\t<div class=\"elementor-element elementor-element-93c536c e-con-full e-flex e-con e-child\" data-id=\"93c536c\" data-element_type=\"container\" data-e-type=\"container\">\n\t\t\t\t<div class=\"elementor-element elementor-element-4f5e523 elementor-widget elementor-widget-image\" data-id=\"4f5e523\" data-element_type=\"widget\" data-e-type=\"widget\" data-widget_type=\"image.default\">\n\t\t\t\t\t\t\t\t\t\t\t\t\t\t\t<img decoding=\"async\" width=\"50\" height=\"50\" src=\"https:\/\/almazara.ch\/wp-content\/uploads\/2025\/12\/Icono-Estrella.webp\" class=\"attachment-large size-large wp-image-114\" alt=\"\" \/>\t\t\t\t\t\t\t\t\t\t\t\t\t\t\t<\/div>\n\t\t\t\t<div class=\"elementor-element elementor-element-0382e1b elementor-widget elementor-widget-image\" data-id=\"0382e1b\" data-element_type=\"widget\" data-e-type=\"widget\" data-widget_type=\"image.default\">\n\t\t\t\t\t\t\t\t\t\t\t\t\t\t\t<img decoding=\"async\" width=\"50\" height=\"50\" src=\"https:\/\/almazara.ch\/wp-content\/uploads\/2025\/12\/Icono-Estrella.webp\" class=\"attachment-large size-large wp-image-114\" alt=\"\" \/>\t\t\t\t\t\t\t\t\t\t\t\t\t\t\t<\/div>\n\t\t\t\t<div class=\"elementor-element elementor-element-f894a76 elementor-widget elementor-widget-image\" data-id=\"f894a76\" data-element_type=\"widget\" data-e-type=\"widget\" data-widget_type=\"image.default\">\n\t\t\t\t\t\t\t\t\t\t\t\t\t\t\t<img decoding=\"async\" width=\"50\" height=\"50\" src=\"https:\/\/almazara.ch\/wp-content\/uploads\/2025\/12\/Icono-Estrella.webp\" class=\"attachment-large size-large wp-image-114\" alt=\"\" \/>\t\t\t\t\t\t\t\t\t\t\t\t\t\t\t<\/div>\n\t\t\t\t<div class=\"elementor-element elementor-element-8683eef elementor-widget elementor-widget-image\" data-id=\"8683eef\" data-element_type=\"widget\" data-e-type=\"widget\" data-widget_type=\"image.default\">\n\t\t\t\t\t\t\t\t\t\t\t\t\t\t\t<img decoding=\"async\" width=\"50\" height=\"50\" src=\"https:\/\/almazara.ch\/wp-content\/uploads\/2025\/12\/Icono-Estrella.webp\" class=\"attachment-large size-large wp-image-114\" alt=\"\" \/>\t\t\t\t\t\t\t\t\t\t\t\t\t\t\t<\/div>\n\t\t\t\t<div class=\"elementor-element elementor-element-77ac021 elementor-widget elementor-widget-image\" data-id=\"77ac021\" data-element_type=\"widget\" data-e-type=\"widget\" data-widget_type=\"image.default\">\n\t\t\t\t\t\t\t\t\t\t\t\t\t\t\t<img decoding=\"async\" width=\"50\" height=\"50\" src=\"https:\/\/almazara.ch\/wp-content\/uploads\/2025\/12\/Icono-Estrella.webp\" class=\"attachment-large size-large wp-image-114\" alt=\"\" \/>\t\t\t\t\t\t\t\t\t\t\t\t\t\t\t<\/div>\n\t\t\t\t<\/div>\n\t\t\t\t<div class=\"elementor-element elementor-element-379bad8 elementor-widget elementor-widget-heading\" data-id=\"379bad8\" data-element_type=\"widget\" data-e-type=\"widget\" data-widget_type=\"heading.default\">\n\t\t\t\t\t<h2 class=\"elementor-heading-title elementor-size-default\">ADQUIERE NUESTROS PRODUCTOS<\/h2>\t\t\t\t<\/div>\n\t\t\t\t<div class=\"elementor-element elementor-element-0f4a0f0 elementor-widget__width-initial elementor-widget-mobile__width-inherit elementor-widget elementor-widget-heading\" data-id=\"0f4a0f0\" data-element_type=\"widget\" data-e-type=\"widget\" data-widget_type=\"heading.default\">\n\t\t\t\t\t<h2 class=\"elementor-heading-title elementor-size-default\">Cada producto se reserva mediante conversaci\u00f3n directa con nuestra representante. Un servicio privado, personal y completamente exclusivo.<\/h2>\t\t\t\t<\/div>\n\t\t\t\t<div class=\"elementor-element elementor-element-f78d5b3 elementor-align-center elementor-widget elementor-widget-button\" data-id=\"f78d5b3\" data-element_type=\"widget\" data-e-type=\"widget\" data-widget_type=\"button.default\">\n\t\t\t\t\t\t\t\t\t\t<a class=\"elementor-button elementor-button-link elementor-size-sm\" href=\"https:\/\/api.whatsapp.com\/send?phone=+41767927504&#038;text=Hello,%20how%20are%20you?%20I%E2%80%99m%20interested%20in%20purchasing%20Almazara%E2%80%99s%20products.\">\n\t\t\t\t\t\t<span class=\"elementor-button-content-wrapper\">\n\t\t\t\t\t\t\t\t\t<span class=\"elementor-button-text\">CONTACTAR CON UN AGENTE DE VENTAS<\/span>\n\t\t\t\t\t<\/span>\n\t\t\t\t\t<\/a>\n\t\t\t\t\t\t\t\t<\/div>\n\t\t\t\t\t<\/div>\n\t\t\t\t<\/div>\n\t\t\t\t<\/div>\n\t\t","protected":false},"excerpt":{"rendered":"<p>Calidad de origen espa\u00f1ol Sobre Nosotros En Almazara somos especialistas en jamones ib\u00e9ricos de distintas calidades y en aceite de oliva virgen extra de producci\u00f3n limitada, elaborado de forma natural y tradicional. Nuestras aceitunas se recogen a mano, nuestros procesos son controlados y cada producto pasa por nuestras manos antes de llegar a las suyas. [&hellip;]<\/p>\n","protected":false},"author":1,"featured_media":0,"parent":0,"menu_order":0,"comment_status":"closed","ping_status":"closed","template":"elementor_header_footer","meta":{"footnotes":""},"class_list":["post-8","page","type-page","status-publish","hentry"],"_hostinger_reach_plugin_has_subscription_block":false,"_hostinger_reach_plugin_is_elementor":false,"_links":{"self":[{"href":"https:\/\/almazara.ch\/fr\/wp-json\/wp\/v2\/pages\/8","targetHints":{"allow":["GET"]}}],"collection":[{"href":"https:\/\/almazara.ch\/fr\/wp-json\/wp\/v2\/pages"}],"about":[{"href":"https:\/\/almazara.ch\/fr\/wp-json\/wp\/v2\/types\/page"}],"author":[{"embeddable":true,"href":"https:\/\/almazara.ch\/fr\/wp-json\/wp\/v2\/users\/1"}],"replies":[{"embeddable":true,"href":"https:\/\/almazara.ch\/fr\/wp-json\/wp\/v2\/comments?post=8"}],"version-history":[{"count":543,"href":"https:\/\/almazara.ch\/fr\/wp-json\/wp\/v2\/pages\/8\/revisions"}],"predecessor-version":[{"id":1252,"href":"https:\/\/almazara.ch\/fr\/wp-json\/wp\/v2\/pages\/8\/revisions\/1252"}],"wp:attachment":[{"href":"https:\/\/almazara.ch\/fr\/wp-json\/wp\/v2\/media?parent=8"}],"curies":[{"name":"wp","href":"https:\/\/api.w.org\/{rel}","templated":true}]}}