{"id":659,"date":"2025-12-18T16:40:03","date_gmt":"2025-12-18T16:40:03","guid":{"rendered":"https:\/\/almazara.proclubagency.com\/?page_id=659"},"modified":"2026-02-19T11:51:57","modified_gmt":"2026-02-19T11:51:57","slug":"aviso-legal","status":"publish","type":"page","link":"https:\/\/almazara.ch\/fr\/aviso-legal\/","title":{"rendered":"Mentions l\u00e9gales"},"content":{"rendered":"<div data-elementor-type=\"wp-page\" data-elementor-id=\"659\" class=\"elementor elementor-659\" data-elementor-post-type=\"page\">\n\t\t\t\t<div class=\"elementor-element elementor-element-986de20 e-con-full e-flex e-con e-parent\" data-id=\"986de20\" data-element_type=\"container\" data-e-type=\"container\" data-settings=\"{&quot;background_background&quot;:&quot;classic&quot;}\">\n\t\t\t\t<div class=\"elementor-element elementor-element-819c949 elementor-widget elementor-widget-heading\" data-id=\"819c949\" data-element_type=\"widget\" data-e-type=\"widget\" data-widget_type=\"heading.default\">\n\t\t\t\t\t<h2 class=\"elementor-heading-title elementor-size-default\">MENTIONS L\u00c9GALES<\/h2>\t\t\t\t<\/div>\n\t\t\t\t<div class=\"elementor-element elementor-element-616bafa elementor-widget__width-initial elementor-widget elementor-widget-text-editor\" data-id=\"616bafa\" data-element_type=\"widget\" data-e-type=\"widget\" data-widget_type=\"text-editor.default\">\n\t\t\t\t\t\t\t\t\t<h3 data-start=\"16\" data-end=\"36\"><span style=\"color: #e6ad00;\">Identification<\/span><\/h3><p data-start=\"37\" data-end=\"232\">Ce site web est la propri\u00e9t\u00e9 de <strong data-start=\"70\" data-end=\"93\">ALMAZARA ESPEJO SRL<\/strong><br data-start=\"93\" data-end=\"96\" \/><strong>C.I.F.:<\/strong> 440.482.972<br data-start=\"115\" data-end=\"118\" \/><strong>Si\u00e8ge social\u00a0:<\/strong> Grande Rue 23, La Neuveville, CP 2520, Berne, Suisse<br data-start=\"180\" data-end=\"183\" \/><strong>Contact:<\/strong> almazara.olive@gmail.com | +41767850506<\/p><hr data-start=\"234\" data-end=\"237\" \/><h3 data-start=\"239\" data-end=\"265\"><span style=\"color: #e6ad00;\">Nature du site<\/span><\/h3><p data-start=\"266\" data-end=\"542\">Le site <span style=\"color: #e6ad00;\"><a class=\"decorated-link\" style=\"color: #e6ad00;\" href=\"https:\/\/almazara.ch\/fr\/\" target=\"_new\" rel=\"noopener\" data-start=\"273\" data-end=\"292\">https:\/\/almazara.ch<\/a><\/span> a un caract\u00e8re informatif. Il a pour but de pr\u00e9senter l\u2019identit\u00e9, la philosophie et les produits d\u2019Almazara, ainsi que de proposer un canal de contact priv\u00e9.<br data-start=\"444\" data-end=\"447\" \/>Le contenu du site ne constitue pas une offre de vente ni un syst\u00e8me de contractualisation directe.<\/p><hr data-start=\"544\" data-end=\"547\" \/><h3 data-start=\"549\" data-end=\"567\"><span style=\"color: #e6ad00;\">Acc\u00e8s et utilisation<\/span><\/h3><p data-start=\"568\" data-end=\"792\">L\u2019acc\u00e8s au site est libre. L\u2019utilisateur s\u2019engage \u00e0 l\u2019utiliser de mani\u00e8re licite, correcte et conform\u00e9ment \u00e0 sa finalit\u00e9, en s\u2019abstenant de tout usage susceptible d\u2019endommager, de rendre inutilisable ou de surcharger le site ou de porter pr\u00e9judice \u00e0 des tiers.<\/p><hr data-start=\"794\" data-end=\"797\" \/><h3 data-start=\"799\" data-end=\"815\"><span style=\"color: #e6ad00;\">Contenus<\/span><\/h3><p data-start=\"816\" data-end=\"960\">Almazara se r\u00e9serve le droit de modifier, mettre \u00e0 jour ou supprimer les contenus du site \u00e0 tout moment, sans pr\u00e9avis.<\/p><hr data-start=\"962\" data-end=\"965\" \/><h3 data-start=\"967\" data-end=\"988\"><span style=\"color: #e6ad00;\">Responsabilit\u00e9<\/span><\/h3><p data-start=\"989\" data-end=\"1239\">ALMAZARA ESPEJO SRL ne saurait \u00eatre tenue responsable des interruptions de service, des erreurs techniques ou de l\u2019usage que les utilisateurs pourraient faire des informations publi\u00e9es.<br data-start=\"1147\" data-end=\"1150\" \/>Elle n\u2019assume pas non plus de responsabilit\u00e9 pour les contenus de sites externes li\u00e9s depuis ce site.<\/p><hr data-start=\"1241\" data-end=\"1244\" \/><h3 data-start=\"1246\" data-end=\"1273\"><span style=\"color: #e6ad00;\">Propri\u00e9t\u00e9 intellectuelle<\/span><\/h3><p data-start=\"1274\" data-end=\"1539\">Tous les contenus du site web, y compris les textes, images, vid\u00e9os, le design et la structure, sont la propri\u00e9t\u00e9 d\u2019Almazara ou de leurs l\u00e9gitimes propri\u00e9taires et sont prot\u00e9g\u00e9s par la r\u00e9glementation en mati\u00e8re de propri\u00e9t\u00e9 intellectuelle.<br data-start=\"1488\" data-end=\"1491\" \/>Toute utilisation sans autorisation expresse est interdite.<\/p><hr data-start=\"1541\" data-end=\"1544\" \/><h3 data-start=\"1546\" data-end=\"1578\"><span style=\"color: #e6ad00;\">L\u00e9gislation et juridiction<\/span><\/h3><p data-start=\"1579\" data-end=\"1731\" data-is-last-node=\"\" data-is-only-node=\"\">Les pr\u00e9sentes Mentions l\u00e9gales sont r\u00e9gies par le <strong data-start=\"1618\" data-end=\"1639\">droit suisse<\/strong>.<br data-start=\"1640\" data-end=\"1643\" \/>Tout litige sera soumis aux tribunaux l\u00e9galement comp\u00e9tents.<\/p>\t\t\t\t\t\t\t\t<\/div>\n\t\t\t\t<\/div>\n\t\t\t\t<\/div>","protected":false},"excerpt":{"rendered":"<p>AVISO LEGAL Identificaci\u00f3n Este sitio web es titularidad de ALMAZARA ESPEJO SRLC.I.F.: 440.482.972Domicilio: Grande Rue 23, La Neuveville, CP 2520, Berna, SuizaContacto: almazara.olive@gmail.com | +41767850506 Naturaleza del sitio La web https:\/\/almazara.ch tiene car\u00e1cter informativo. Su finalidad es presentar la identidad, filosof\u00eda y productos de Almazara, as\u00ed como facilitar un canal de contacto privado.El contenido del [&hellip;]<\/p>\n","protected":false},"author":1,"featured_media":0,"parent":0,"menu_order":0,"comment_status":"closed","ping_status":"closed","template":"","meta":{"footnotes":""},"class_list":["post-659","page","type-page","status-publish","hentry"],"_hostinger_reach_plugin_has_subscription_block":false,"_hostinger_reach_plugin_is_elementor":false,"_links":{"self":[{"href":"https:\/\/almazara.ch\/fr\/wp-json\/wp\/v2\/pages\/659","targetHints":{"allow":["GET"]}}],"collection":[{"href":"https:\/\/almazara.ch\/fr\/wp-json\/wp\/v2\/pages"}],"about":[{"href":"https:\/\/almazara.ch\/fr\/wp-json\/wp\/v2\/types\/page"}],"author":[{"embeddable":true,"href":"https:\/\/almazara.ch\/fr\/wp-json\/wp\/v2\/users\/1"}],"replies":[{"embeddable":true,"href":"https:\/\/almazara.ch\/fr\/wp-json\/wp\/v2\/comments?post=659"}],"version-history":[{"count":28,"href":"https:\/\/almazara.ch\/fr\/wp-json\/wp\/v2\/pages\/659\/revisions"}],"predecessor-version":[{"id":1273,"href":"https:\/\/almazara.ch\/fr\/wp-json\/wp\/v2\/pages\/659\/revisions\/1273"}],"wp:attachment":[{"href":"https:\/\/almazara.ch\/fr\/wp-json\/wp\/v2\/media?parent=659"}],"curies":[{"name":"wp","href":"https:\/\/api.w.org\/{rel}","templated":true}]}}