{"id":655,"date":"2025-12-18T16:39:04","date_gmt":"2025-12-18T16:39:04","guid":{"rendered":"https:\/\/almazara.proclubagency.com\/?page_id=655"},"modified":"2025-12-18T17:06:54","modified_gmt":"2025-12-18T17:06:54","slug":"politica-de-envios","status":"publish","type":"page","link":"https:\/\/almazara.ch\/fr\/politica-de-envios\/","title":{"rendered":"pol\u00edtica de env\u00edos"},"content":{"rendered":"<div data-elementor-type=\"wp-page\" data-elementor-id=\"655\" class=\"elementor elementor-655\" data-elementor-post-type=\"page\">\n\t\t\t\t<div class=\"elementor-element elementor-element-5f2cf9a e-con-full e-flex e-con e-parent\" data-id=\"5f2cf9a\" data-element_type=\"container\" data-e-type=\"container\" data-settings=\"{&quot;background_background&quot;:&quot;classic&quot;}\">\n\t\t\t\t<div class=\"elementor-element elementor-element-e705682 elementor-widget elementor-widget-heading\" data-id=\"e705682\" data-element_type=\"widget\" data-e-type=\"widget\" data-widget_type=\"heading.default\">\n\t\t\t\t\t<h2 class=\"elementor-heading-title elementor-size-default\">POL\u00cdTICA DE ENV\u00cdOS<\/h2>\t\t\t\t<\/div>\n\t\t\t\t<div class=\"elementor-element elementor-element-09ff396 elementor-widget__width-initial elementor-widget elementor-widget-text-editor\" data-id=\"09ff396\" data-element_type=\"widget\" data-e-type=\"widget\" data-widget_type=\"text-editor.default\">\n\t\t\t\t\t\t\t\t\t<h3 data-start=\"23\" data-end=\"46\"><span style=\"color: #e6ad00;\">\u00c1mbito de entrega<\/span><\/h3><p data-start=\"47\" data-end=\"117\">Los env\u00edos de Almazara se realizan <strong data-start=\"82\" data-end=\"116\">exclusivamente dentro de Suiza<\/strong>.<\/p><hr data-start=\"119\" data-end=\"122\" \/><h3 data-start=\"124\" data-end=\"150\"><span style=\"color: #e6ad00;\">Modalidades de env\u00edo<\/span><\/h3><p data-start=\"151\" data-end=\"186\">Se ofrecen dos opciones de env\u00edo:<\/p><ul data-start=\"187\" data-end=\"229\"><li data-start=\"187\" data-end=\"209\"><p data-start=\"189\" data-end=\"209\"><strong data-start=\"189\" data-end=\"207\">Env\u00edo est\u00e1ndar<\/strong><\/p><\/li><li data-start=\"210\" data-end=\"229\"><p data-start=\"212\" data-end=\"229\"><strong data-start=\"212\" data-end=\"229\">Env\u00edo express<\/strong><\/p><\/li><\/ul><p data-start=\"231\" data-end=\"315\">La modalidad concreta se acuerda <strong data-start=\"264\" data-end=\"314\">durante la comunicaci\u00f3n privada con el cliente<\/strong>.<\/p><hr data-start=\"317\" data-end=\"320\" \/><h3 data-start=\"322\" data-end=\"343\"><span style=\"color: #e6ad00;\">Coste del env\u00edo<\/span><\/h3><p data-start=\"344\" data-end=\"518\">El coste del env\u00edo es de <strong data-start=\"369\" data-end=\"377\">10 \u20ac<\/strong>, independientemente del tipo de producto.<br data-start=\"419\" data-end=\"422\" \/>Este importe <strong data-start=\"435\" data-end=\"468\">puede ser revisado o ajustado<\/strong> en funci\u00f3n de condiciones espec\u00edficas del pedido.<\/p><hr data-start=\"520\" data-end=\"523\" \/><h3 data-start=\"525\" data-end=\"548\"><span style=\"color: #e6ad00;\">Plazos de entrega<\/span><\/h3><p data-start=\"549\" data-end=\"728\">El plazo estimado de entrega es de <strong data-start=\"584\" data-end=\"610\">hasta 6 d\u00edas naturales<\/strong> desde la confirmaci\u00f3n del pedido.<br data-start=\"644\" data-end=\"647\" \/>Los plazos son <strong data-start=\"662\" data-end=\"678\">orientativos<\/strong> y pueden variar por causas log\u00edsticas o externas.<\/p><hr data-start=\"730\" data-end=\"733\" \/><h3 data-start=\"735\" data-end=\"762\"><span style=\"color: #e6ad00;\">Empresa de transporte<\/span><\/h3><p data-start=\"763\" data-end=\"806\">Los env\u00edos se realizan a trav\u00e9s de <strong data-start=\"798\" data-end=\"805\">MRW<\/strong>.<\/p><hr data-start=\"808\" data-end=\"811\" \/><h3 data-start=\"813\" data-end=\"836\"><span style=\"color: #e6ad00;\">Gesti\u00f3n del env\u00edo<\/span><\/h3><p data-start=\"837\" data-end=\"1006\">Todos los env\u00edos se gestionan <strong data-start=\"867\" data-end=\"923\">\u00fanicamente tras confirmaci\u00f3n directa y personalizada<\/strong> con el cliente.<br data-start=\"939\" data-end=\"942\" \/>Almazara no procesa env\u00edos autom\u00e1ticos ni sin validaci\u00f3n previa.<\/p><hr data-start=\"1008\" data-end=\"1011\" \/><h3 data-start=\"1013\" data-end=\"1039\"><span style=\"color: #e6ad00;\">Productos especiales<\/span><\/h3><p data-start=\"1040\" data-end=\"1271\">Determinados productos, como <strong data-start=\"1069\" data-end=\"1124\">piezas completas de jam\u00f3n o pedidos de gran volumen<\/strong>, pueden requerir <strong data-start=\"1142\" data-end=\"1204\">condiciones especiales de embalaje, manipulaci\u00f3n o entrega<\/strong>.<br data-start=\"1205\" data-end=\"1208\" \/>Estas condiciones se comunican <strong data-start=\"1239\" data-end=\"1254\">caso a caso<\/strong> antes del env\u00edo.<\/p><hr data-start=\"1273\" data-end=\"1276\" \/><h3 data-start=\"1278\" data-end=\"1315\"><span style=\"color: #e6ad00;\">Incidencias y responsabilidades<\/span><\/h3><p data-start=\"1316\" data-end=\"1583\">Cualquier incidencia relacionada con retrasos, da\u00f1os o problemas en la entrega se gestiona <strong data-start=\"1407\" data-end=\"1446\">de forma individual y personalizada<\/strong> con el cliente.<br data-start=\"1462\" data-end=\"1465\" \/>Almazara se compromete a buscar <strong data-start=\"1497\" data-end=\"1544\">la mejor soluci\u00f3n posible en cada situaci\u00f3n<\/strong>, en coordinaci\u00f3n con el transportista.<\/p>\t\t\t\t\t\t\t\t<\/div>\n\t\t\t\t<\/div>\n\t\t\t\t<\/div>","protected":false},"excerpt":{"rendered":"<p>POL\u00cdTICA DE ENV\u00cdOS \u00c1mbito de entrega Los env\u00edos de Almazara se realizan exclusivamente dentro de Suiza. Modalidades de env\u00edo Se ofrecen dos opciones de env\u00edo: Env\u00edo est\u00e1ndar Env\u00edo express La modalidad concreta se acuerda durante la comunicaci\u00f3n privada con el cliente. Coste del env\u00edo El coste del env\u00edo es de 10 \u20ac, independientemente del tipo [&hellip;]<\/p>\n","protected":false},"author":1,"featured_media":0,"parent":0,"menu_order":0,"comment_status":"closed","ping_status":"closed","template":"","meta":{"footnotes":""},"class_list":["post-655","page","type-page","status-publish","hentry"],"_hostinger_reach_plugin_has_subscription_block":false,"_hostinger_reach_plugin_is_elementor":false,"_links":{"self":[{"href":"https:\/\/almazara.ch\/fr\/wp-json\/wp\/v2\/pages\/655","targetHints":{"allow":["GET"]}}],"collection":[{"href":"https:\/\/almazara.ch\/fr\/wp-json\/wp\/v2\/pages"}],"about":[{"href":"https:\/\/almazara.ch\/fr\/wp-json\/wp\/v2\/types\/page"}],"author":[{"embeddable":true,"href":"https:\/\/almazara.ch\/fr\/wp-json\/wp\/v2\/users\/1"}],"replies":[{"embeddable":true,"href":"https:\/\/almazara.ch\/fr\/wp-json\/wp\/v2\/comments?post=655"}],"version-history":[{"count":7,"href":"https:\/\/almazara.ch\/fr\/wp-json\/wp\/v2\/pages\/655\/revisions"}],"predecessor-version":[{"id":713,"href":"https:\/\/almazara.ch\/fr\/wp-json\/wp\/v2\/pages\/655\/revisions\/713"}],"wp:attachment":[{"href":"https:\/\/almazara.ch\/fr\/wp-json\/wp\/v2\/media?parent=655"}],"curies":[{"name":"wp","href":"https:\/\/api.w.org\/{rel}","templated":true}]}}