{"id":653,"date":"2025-12-18T16:38:48","date_gmt":"2025-12-18T16:38:48","guid":{"rendered":"https:\/\/almazara.proclubagency.com\/?page_id=653"},"modified":"2025-12-18T17:03:45","modified_gmt":"2025-12-18T17:03:45","slug":"terminos-y-condiciones","status":"publish","type":"page","link":"https:\/\/almazara.ch\/fr\/terminos-y-condiciones\/","title":{"rendered":"T\u00e9rminos y condiciones"},"content":{"rendered":"<div data-elementor-type=\"wp-page\" data-elementor-id=\"653\" class=\"elementor elementor-653\" data-elementor-post-type=\"page\">\n\t\t\t\t<div class=\"elementor-element elementor-element-c4f4734 e-con-full e-flex e-con e-parent\" data-id=\"c4f4734\" data-element_type=\"container\" data-e-type=\"container\" data-settings=\"{&quot;background_background&quot;:&quot;classic&quot;}\">\n\t\t\t\t<div class=\"elementor-element elementor-element-59bd9f6 elementor-widget elementor-widget-heading\" data-id=\"59bd9f6\" data-element_type=\"widget\" data-e-type=\"widget\" data-widget_type=\"heading.default\">\n\t\t\t\t\t<h2 class=\"elementor-heading-title elementor-size-default\">T\u00c9RMINOS Y CONDICIONES<\/h2>\t\t\t\t<\/div>\n\t\t\t\t<div class=\"elementor-element elementor-element-ab7db26 elementor-widget__width-initial elementor-widget elementor-widget-text-editor\" data-id=\"ab7db26\" data-element_type=\"widget\" data-e-type=\"widget\" data-widget_type=\"text-editor.default\">\n\t\t\t\t\t\t\t\t\t<h3 data-start=\"27\" data-end=\"56\"><span style=\"color: #e6ad00;\">1. \u00c1mbito de aplicaci\u00f3n<\/span><\/h3><p data-start=\"57\" data-end=\"248\">Los presentes T\u00e9rminos y Condiciones regulan el acceso y uso del sitio web <a class=\"decorated-link\" href=\"https:\/\/almazara.ch\/fr\/\" target=\"_new\" rel=\"noopener\" data-start=\"132\" data-end=\"151\"><span style=\"color: #e6ad00;\">https:\/\/almazara.ch<\/span><\/a>, as\u00ed como la relaci\u00f3n entre ALMAZARA ESPEJO SRL y los usuarios que contacten a trav\u00e9s del mismo.<\/p><hr data-start=\"250\" data-end=\"253\" \/><h3 data-start=\"255\" data-end=\"283\"><span style=\"color: #e6ad00;\">2. Finalidad del sitio<\/span><\/h3><p data-start=\"284\" data-end=\"541\">El sitio web tiene un car\u00e1cter exclusivamente informativo y relacional.<br data-start=\"355\" data-end=\"358\" \/>Almazara no realiza ventas directas ni muestra precios a trav\u00e9s de la web. Cualquier posible reserva o acuerdo se gestiona de forma privada y personalizada, fuera del entorno digital.<\/p><hr data-start=\"543\" data-end=\"546\" \/><h3 data-start=\"548\" data-end=\"577\"><span style=\"color: #e6ad00;\">3. Condici\u00f3n de usuario<\/span><\/h3><p data-start=\"578\" data-end=\"717\">La navegaci\u00f3n por el sitio atribuye la condici\u00f3n de usuario e implica la aceptaci\u00f3n de estos T\u00e9rminos y Condiciones desde el primer acceso.<\/p><hr data-start=\"719\" data-end=\"722\" \/><h3 data-start=\"724\" data-end=\"746\"><span style=\"color: #e6ad00;\">4. Uso permitido<\/span><\/h3><p data-start=\"747\" data-end=\"861\">El usuario se compromete a utilizar el sitio de forma diligente, respetuosa y conforme a la ley, absteni\u00e9ndose de:<\/p><ul data-start=\"862\" data-end=\"1044\"><li data-start=\"862\" data-end=\"922\"><p data-start=\"864\" data-end=\"922\">Usar los contenidos con fines il\u00edcitos o no autorizados.<\/p><\/li><li data-start=\"923\" data-end=\"989\"><p data-start=\"925\" data-end=\"989\">Da\u00f1ar, inutilizar o interferir en el funcionamiento del sitio.<\/p><\/li><li data-start=\"990\" data-end=\"1044\"><p data-start=\"992\" data-end=\"1044\">Reproducir o distribuir contenidos sin autorizaci\u00f3n.<\/p><\/li><\/ul><hr data-start=\"1046\" data-end=\"1049\" \/><h3 data-start=\"1051\" data-end=\"1078\"><span style=\"color: #e6ad00;\">5. Relaci\u00f3n comercial<\/span><\/h3><p data-start=\"1079\" data-end=\"1274\">Cualquier relaci\u00f3n comercial que pueda derivarse del contacto con Almazara se formaliza de manera individual y fuera del sitio web.<br data-start=\"1210\" data-end=\"1213\" \/>La informaci\u00f3n publicada no constituye una oferta vinculante.<\/p><hr data-start=\"1276\" data-end=\"1279\" \/><h3 data-start=\"1281\" data-end=\"1311\"><span style=\"color: #e6ad00;\">6. Propiedad intelectual<\/span><\/h3><p data-start=\"1312\" data-end=\"1529\">Los contenidos del sitio web son propiedad de Almazara o de sus titulares leg\u00edtimos y est\u00e1n protegidos por la normativa vigente.<br data-start=\"1440\" data-end=\"1443\" \/>El uso no autorizado de dichos contenidos podr\u00e1 dar lugar a responsabilidades legales.<\/p><hr data-start=\"1531\" data-end=\"1534\" \/><h3 data-start=\"1536\" data-end=\"1573\"><span style=\"color: #e6ad00;\">7. Exclusi\u00f3n de responsabilidad<\/span><\/h3><p data-start=\"1574\" data-end=\"1764\">Almazara no garantiza la disponibilidad continua del sitio ni la ausencia de errores en los contenidos.<br data-start=\"1677\" data-end=\"1680\" \/>No se hace responsable de da\u00f1os derivados del uso del sitio o de enlaces a terceros.<\/p><hr data-start=\"1766\" data-end=\"1769\" \/><h3 data-start=\"1771\" data-end=\"1794\"><span style=\"color: #e6ad00;\">8. Modificaciones<\/span><\/h3><p data-start=\"1795\" data-end=\"1963\">ALMAZARA ESPEJO SRL se reserva el derecho de modificar estos T\u00e9rminos y Condiciones en cualquier momento. Las condiciones vigentes ser\u00e1n las publicadas en el sitio web.<\/p><hr data-start=\"1965\" data-end=\"1968\" \/><h3 data-start=\"1970\" data-end=\"2000\"><span style=\"color: #e6ad00;\">9. Legislaci\u00f3n aplicable<\/span><\/h3><p data-start=\"2001\" data-end=\"2130\">Los presentes T\u00e9rminos y Condiciones se rigen por la <strong data-start=\"2054\" data-end=\"2075\">droit suisse<\/strong>, someti\u00e9ndose las partes a los tribunales competentes.<\/p>\t\t\t\t\t\t\t\t<\/div>\n\t\t\t\t<\/div>\n\t\t\t\t<\/div>","protected":false},"excerpt":{"rendered":"<p>T\u00c9RMINOS Y CONDICIONES 1. \u00c1mbito de aplicaci\u00f3n Los presentes T\u00e9rminos y Condiciones regulan el acceso y uso del sitio web https:\/\/almazara.ch, as\u00ed como la relaci\u00f3n entre ALMAZARA ESPEJO SRL y los usuarios que contacten a trav\u00e9s del mismo. 2. Finalidad del sitio El sitio web tiene un car\u00e1cter exclusivamente informativo y relacional.Almazara no realiza ventas [&hellip;]<\/p>\n","protected":false},"author":1,"featured_media":0,"parent":0,"menu_order":0,"comment_status":"closed","ping_status":"closed","template":"","meta":{"footnotes":""},"class_list":["post-653","page","type-page","status-publish","hentry"],"_hostinger_reach_plugin_has_subscription_block":false,"_hostinger_reach_plugin_is_elementor":false,"_links":{"self":[{"href":"https:\/\/almazara.ch\/fr\/wp-json\/wp\/v2\/pages\/653","targetHints":{"allow":["GET"]}}],"collection":[{"href":"https:\/\/almazara.ch\/fr\/wp-json\/wp\/v2\/pages"}],"about":[{"href":"https:\/\/almazara.ch\/fr\/wp-json\/wp\/v2\/types\/page"}],"author":[{"embeddable":true,"href":"https:\/\/almazara.ch\/fr\/wp-json\/wp\/v2\/users\/1"}],"replies":[{"embeddable":true,"href":"https:\/\/almazara.ch\/fr\/wp-json\/wp\/v2\/comments?post=653"}],"version-history":[{"count":10,"href":"https:\/\/almazara.ch\/fr\/wp-json\/wp\/v2\/pages\/653\/revisions"}],"predecessor-version":[{"id":710,"href":"https:\/\/almazara.ch\/fr\/wp-json\/wp\/v2\/pages\/653\/revisions\/710"}],"wp:attachment":[{"href":"https:\/\/almazara.ch\/fr\/wp-json\/wp\/v2\/media?parent=653"}],"curies":[{"name":"wp","href":"https:\/\/api.w.org\/{rel}","templated":true}]}}