{"id":551,"date":"2025-12-18T14:43:20","date_gmt":"2025-12-18T14:43:20","guid":{"rendered":"https:\/\/almazara.proclubagency.com\/?page_id=551"},"modified":"2026-02-11T19:41:48","modified_gmt":"2026-02-11T19:41:48","slug":"aceites","status":"publish","type":"page","link":"https:\/\/almazara.ch\/fr\/aceites\/","title":{"rendered":"Huiles"},"content":{"rendered":"<div data-elementor-type=\"wp-page\" data-elementor-id=\"551\" class=\"elementor elementor-551\" data-elementor-post-type=\"page\">\n\t\t\t\t<div class=\"elementor-element elementor-element-8fa75e9 e-flex e-con-boxed e-con e-parent\" data-id=\"8fa75e9\" data-element_type=\"container\" data-e-type=\"container\" data-settings=\"{&quot;background_background&quot;:&quot;classic&quot;}\">\n\t\t\t\t\t<div class=\"e-con-inner\">\n\t\t<div class=\"elementor-element elementor-element-d6431cc e-con-full e-flex e-con e-child\" data-id=\"d6431cc\" data-element_type=\"container\" data-e-type=\"container\">\n\t\t\t\t<div class=\"elementor-element elementor-element-725f155 elementor-widget elementor-widget-heading\" data-id=\"725f155\" data-element_type=\"widget\" data-e-type=\"widget\" data-widget_type=\"heading.default\">\n\t\t\t\t\t<h2 class=\"elementor-heading-title elementor-size-default\">HUILE D\u2019OLIVE VIERGE EXTRA<\/h2>\t\t\t\t<\/div>\n\t\t\t\t<div class=\"elementor-element elementor-element-014b370 elementor-widget elementor-widget-heading\" data-id=\"014b370\" data-element_type=\"widget\" data-e-type=\"widget\" data-widget_type=\"heading.default\">\n\t\t\t\t\t<h2 class=\"elementor-heading-title elementor-size-default\">Qualit\u00e9, raffinement et exclusivit\u00e9<\/h2>\t\t\t\t<\/div>\n\t\t\t\t<div class=\"elementor-element elementor-element-4dc7145 elementor-align-center elementor-widget elementor-widget-button\" data-id=\"4dc7145\" data-element_type=\"widget\" data-e-type=\"widget\" data-widget_type=\"button.default\">\n\t\t\t\t\t\t\t\t\t\t<a class=\"elementor-button elementor-button-link elementor-size-sm\" href=\"https:\/\/api.whatsapp.com\/send?phone=+41767927504&#038;text=Hello,%20how%20are%20you?%20I%E2%80%99m%20interested%20in%20purchasing%20Almazara%E2%80%99s%20products.\">\n\t\t\t\t\t\t<span class=\"elementor-button-content-wrapper\">\n\t\t\t\t\t\t\t\t\t<span class=\"elementor-button-text\">CONTACTER UN AGENT COMMERCIAL<\/span>\n\t\t\t\t\t<\/span>\n\t\t\t\t\t<\/a>\n\t\t\t\t\t\t\t\t<\/div>\n\t\t\t\t<\/div>\n\t\t\t\t<div class=\"elementor-element elementor-element-8aa153c elementor-widget elementor-widget-image\" data-id=\"8aa153c\" data-element_type=\"widget\" data-e-type=\"widget\" data-widget_type=\"image.default\">\n\t\t\t\t\t\t\t\t\t\t\t\t\t\t\t<img fetchpriority=\"high\" decoding=\"async\" width=\"500\" height=\"400\" src=\"https:\/\/almazara.ch\/wp-content\/uploads\/2026\/01\/Aceita-de-oliva.webp\" class=\"attachment-large size-large wp-image-1053\" alt=\"\" srcset=\"https:\/\/almazara.ch\/wp-content\/uploads\/2026\/01\/Aceita-de-oliva.webp 500w, https:\/\/almazara.ch\/wp-content\/uploads\/2026\/01\/Aceita-de-oliva-300x240.webp 300w\" sizes=\"(max-width: 500px) 100vw, 500px\" \/>\t\t\t\t\t\t\t\t\t\t\t\t\t\t\t<\/div>\n\t\t\t\t\t<\/div>\n\t\t\t\t<\/div>\n\t\t<div class=\"elementor-element elementor-element-3024936 e-flex e-con-boxed e-con e-parent\" data-id=\"3024936\" data-element_type=\"container\" data-e-type=\"container\" data-settings=\"{&quot;background_background&quot;:&quot;classic&quot;}\">\n\t\t\t\t\t<div class=\"e-con-inner\">\n\t\t<div class=\"elementor-element elementor-element-0f292c8 e-con-full e-flex e-con e-child\" data-id=\"0f292c8\" data-element_type=\"container\" data-e-type=\"container\">\n\t\t\t\t<div class=\"elementor-element elementor-element-b01a650 elementor-widget elementor-widget-heading\" data-id=\"b01a650\" data-element_type=\"widget\" data-e-type=\"widget\" data-widget_type=\"heading.default\">\n\t\t\t\t\t<h2 class=\"elementor-heading-title elementor-size-default\">\u00c0 propos de nous<\/h2>\t\t\t\t<\/div>\n\t\t\t\t<div class=\"elementor-element elementor-element-8622f44 elementor-widget__width-initial elementor-widget elementor-widget-text-editor\" data-id=\"8622f44\" data-element_type=\"widget\" data-e-type=\"widget\" data-widget_type=\"text-editor.default\">\n\t\t\t\t\t\t\t\t\t<p><span style=\"color: #e6ad00;\"><strong>Notre philosophie est claire: <\/strong><strong>\u201cTu es ce que tu manges.\u201d<\/strong><\/span><br \/>C'est pourquoi nous n'offrons que des produits qui repr\u00e9sentent le meilleur de la culture gastronomique espagnole. L'une de nos valeurs essentielles est la proximit\u00e9. Nous avons constitu\u00e9 un vaste r\u00e9seau de clients priv\u00e9s en Suisse gr\u00e2ce \u00e0 un contact direct et personnel. Notre \u00e9quipe commerciale travaille toujours en premi\u00e8re personne, rendant visite \u00e0 nos clients, conseillant, recommandant et accompagnant chaque commande avec le soin que m\u00e9rite un produit de cette cat\u00e9gorie.<\/p><p><span style=\"color: #e6ad00;\"><strong>Plus que vendre, nous construisons des relations.<\/strong><\/span><br \/>Nous croyons que la gastronomie espagnole, lorsqu'elle est pr\u00e9sent\u00e9e avec rigueur et passion, parle d'elle-m\u00eame.<br \/>Bienvenue chez Almazara : une saveur espagnole authentique et un service aussi humain que nos origines.<\/p>\t\t\t\t\t\t\t\t<\/div>\n\t\t\t\t<\/div>\n\t\t<div class=\"elementor-element elementor-element-8658827 e-con-full e-flex e-con e-child\" data-id=\"8658827\" data-element_type=\"container\" data-e-type=\"container\" data-settings=\"{&quot;background_background&quot;:&quot;classic&quot;}\">\n\t\t\t\t<div class=\"elementor-element elementor-element-b6379e3 elementor-widget elementor-widget-image\" data-id=\"b6379e3\" data-element_type=\"widget\" data-e-type=\"widget\" data-widget_type=\"image.default\">\n\t\t\t\t\t\t\t\t\t\t\t\t\t\t\t<img decoding=\"async\" width=\"682\" height=\"1024\" src=\"https:\/\/almazara.ch\/wp-content\/uploads\/2025\/12\/WhatsApp-Image-2025-11-04-at-18.06.48-3-682x1024.webp\" class=\"attachment-large size-large wp-image-171\" alt=\"\" srcset=\"https:\/\/almazara.ch\/wp-content\/uploads\/2025\/12\/WhatsApp-Image-2025-11-04-at-18.06.48-3-682x1024.webp 682w, https:\/\/almazara.ch\/wp-content\/uploads\/2025\/12\/WhatsApp-Image-2025-11-04-at-18.06.48-3-200x300.webp 200w, https:\/\/almazara.ch\/wp-content\/uploads\/2025\/12\/WhatsApp-Image-2025-11-04-at-18.06.48-3-768x1153.webp 768w, https:\/\/almazara.ch\/wp-content\/uploads\/2025\/12\/WhatsApp-Image-2025-11-04-at-18.06.48-3-1023x1536.webp 1023w, https:\/\/almazara.ch\/wp-content\/uploads\/2025\/12\/WhatsApp-Image-2025-11-04-at-18.06.48-3.webp 1066w\" sizes=\"(max-width: 682px) 100vw, 682px\" \/>\t\t\t\t\t\t\t\t\t\t\t\t\t\t\t<\/div>\n\t\t\t\t<\/div>\n\t\t\t\t\t<\/div>\n\t\t\t\t<\/div>\n\t\t<div class=\"elementor-element elementor-element-ec19379 e-flex e-con-boxed e-con e-parent\" data-id=\"ec19379\" data-element_type=\"container\" data-e-type=\"container\" data-settings=\"{&quot;background_background&quot;:&quot;classic&quot;}\">\n\t\t\t\t\t<div class=\"e-con-inner\">\n\t\t\t\t\t<\/div>\n\t\t\t\t<\/div>\n\t\t<div class=\"elementor-element elementor-element-4b8dd73 e-flex e-con-boxed e-con e-parent\" data-id=\"4b8dd73\" data-element_type=\"container\" data-e-type=\"container\" data-settings=\"{&quot;background_background&quot;:&quot;classic&quot;}\">\n\t\t\t\t\t<div class=\"e-con-inner\">\n\t\t<div class=\"elementor-element elementor-element-720fe71 e-con-full e-flex e-con e-child\" data-id=\"720fe71\" data-element_type=\"container\" data-e-type=\"container\">\n\t\t\t\t<div class=\"elementor-element elementor-element-f835d86 elementor-widget elementor-widget-heading\" data-id=\"f835d86\" data-element_type=\"widget\" data-e-type=\"widget\" data-widget_type=\"heading.default\">\n\t\t\t\t\t<h2 class=\"elementor-heading-title elementor-size-default\">Processus de fabrication<\/h2>\t\t\t\t<\/div>\n\t\t<div class=\"elementor-element elementor-element-61ff175 e-con-full e-grid e-con e-child\" data-id=\"61ff175\" data-element_type=\"container\" data-e-type=\"container\">\n\t\t\t\t<div class=\"elementor-element elementor-element-dc5719b elementor-position-top elementor-widget elementor-widget-image-box\" data-id=\"dc5719b\" data-element_type=\"widget\" data-e-type=\"widget\" data-widget_type=\"image-box.default\">\n\t\t\t\t\t<div class=\"elementor-image-box-wrapper\"><figure class=\"elementor-image-box-img\"><img decoding=\"async\" width=\"450\" height=\"450\" src=\"https:\/\/almazara.ch\/wp-content\/uploads\/2026\/01\/Cosecha.webp\" class=\"attachment-full size-full wp-image-1040\" alt=\"\" srcset=\"https:\/\/almazara.ch\/wp-content\/uploads\/2026\/01\/Cosecha.webp 450w, https:\/\/almazara.ch\/wp-content\/uploads\/2026\/01\/Cosecha-300x300.webp 300w, https:\/\/almazara.ch\/wp-content\/uploads\/2026\/01\/Cosecha-150x150.webp 150w\" sizes=\"(max-width: 450px) 100vw, 450px\" \/><\/figure><div class=\"elementor-image-box-content\"><h3 class=\"elementor-image-box-title\">1. R\u00e9colte<\/h3><p class=\"elementor-image-box-description\">Les olives sont cueillies \u00e0 leur degr\u00e9 de maturation optimal, en prenant soin du fruit et en \u00e9vitant tout choc afin de pr\u00e9server ar\u00f4mes, fra\u00eecheur et propri\u00e9t\u00e9s naturelles.<\/p><\/div><\/div>\t\t\t\t<\/div>\n\t\t\t\t<div class=\"elementor-element elementor-element-3253d7e elementor-position-top elementor-widget elementor-widget-image-box\" data-id=\"3253d7e\" data-element_type=\"widget\" data-e-type=\"widget\" data-widget_type=\"image-box.default\">\n\t\t\t\t\t<div class=\"elementor-image-box-wrapper\"><figure class=\"elementor-image-box-img\"><img loading=\"lazy\" decoding=\"async\" width=\"450\" height=\"450\" src=\"https:\/\/almazara.ch\/wp-content\/uploads\/2026\/01\/Molienda.webp\" class=\"attachment-full size-full wp-image-1039\" alt=\"\" srcset=\"https:\/\/almazara.ch\/wp-content\/uploads\/2026\/01\/Molienda.webp 450w, https:\/\/almazara.ch\/wp-content\/uploads\/2026\/01\/Molienda-300x300.webp 300w, https:\/\/almazara.ch\/wp-content\/uploads\/2026\/01\/Molienda-150x150.webp 150w\" sizes=\"(max-width: 450px) 100vw, 450px\" \/><\/figure><div class=\"elementor-image-box-content\"><h3 class=\"elementor-image-box-title\">2. Broyage<\/h3><p class=\"elementor-image-box-description\">Les olives sont broy\u00e9es quelques heures apr\u00e8s la r\u00e9colte. On obtient une p\u00e2te homog\u00e8ne qui concentre pulpe, peau et noyau \u2014 base de la future huile.<\/p><\/div><\/div>\t\t\t\t<\/div>\n\t\t\t\t<div class=\"elementor-element elementor-element-259cfc0 elementor-position-top elementor-widget elementor-widget-image-box\" data-id=\"259cfc0\" data-element_type=\"widget\" data-e-type=\"widget\" data-widget_type=\"image-box.default\">\n\t\t\t\t\t<div class=\"elementor-image-box-wrapper\"><figure class=\"elementor-image-box-img\"><img loading=\"lazy\" decoding=\"async\" width=\"450\" height=\"450\" src=\"https:\/\/almazara.ch\/wp-content\/uploads\/2026\/01\/Extraccion-en-Frio.webp\" class=\"attachment-full size-full wp-image-1037\" alt=\"\" srcset=\"https:\/\/almazara.ch\/wp-content\/uploads\/2026\/01\/Extraccion-en-Frio.webp 450w, https:\/\/almazara.ch\/wp-content\/uploads\/2026\/01\/Extraccion-en-Frio-300x300.webp 300w, https:\/\/almazara.ch\/wp-content\/uploads\/2026\/01\/Extraccion-en-Frio-150x150.webp 150w\" sizes=\"(max-width: 450px) 100vw, 450px\" \/><\/figure><div class=\"elementor-image-box-content\"><h3 class=\"elementor-image-box-title\">3. Extraction \u00e0 froid<\/h3><p class=\"elementor-image-box-description\">La p\u00e2te est malax\u00e9e doucement et centrifug\u00e9e \u00e0 froid. Ainsi l\u2019huile est s\u00e9par\u00e9e sans chaleur, conservant intact son go\u00fbt, son ar\u00f4me et sa valeur nutritionnelle.<\/p><\/div><\/div>\t\t\t\t<\/div>\n\t\t\t\t<div class=\"elementor-element elementor-element-0680063 elementor-position-top elementor-widget elementor-widget-image-box\" data-id=\"0680063\" data-element_type=\"widget\" data-e-type=\"widget\" data-widget_type=\"image-box.default\">\n\t\t\t\t\t<div class=\"elementor-image-box-wrapper\"><figure class=\"elementor-image-box-img\"><img loading=\"lazy\" decoding=\"async\" width=\"450\" height=\"450\" src=\"https:\/\/almazara.ch\/wp-content\/uploads\/2026\/01\/Etiquetado.webp\" class=\"attachment-full size-full wp-image-1038\" alt=\"\" srcset=\"https:\/\/almazara.ch\/wp-content\/uploads\/2026\/01\/Etiquetado.webp 450w, https:\/\/almazara.ch\/wp-content\/uploads\/2026\/01\/Etiquetado-300x300.webp 300w, https:\/\/almazara.ch\/wp-content\/uploads\/2026\/01\/Etiquetado-150x150.webp 150w\" sizes=\"(max-width: 450px) 100vw, 450px\" \/><\/figure><div class=\"elementor-image-box-content\"><h3 class=\"elementor-image-box-title\">4. Mise en bouteille<\/h3><p class=\"elementor-image-box-description\">L\u2019huile repose, est clarifi\u00e9e et mise en bouteille avec soin. Le r\u00e9sultat est une HVOE pure, \u00e9quilibr\u00e9e et fid\u00e8le \u00e0 son origine m\u00e9diterran\u00e9enne.<\/p><\/div><\/div>\t\t\t\t<\/div>\n\t\t\t\t<\/div>\n\t\t\t\t<div class=\"elementor-element elementor-element-772a841 elementor-widget-mobile__width-initial elementor-hidden-desktop elementor-hidden-laptop elementor-hidden-tablet elementor-widget elementor-widget-image\" data-id=\"772a841\" data-element_type=\"widget\" data-e-type=\"widget\" data-widget_type=\"image.default\">\n\t\t\t\t\t\t\t\t\t\t\t\t\t\t\t<img loading=\"lazy\" decoding=\"async\" width=\"800\" height=\"334\" src=\"https:\/\/almazara.ch\/wp-content\/uploads\/2026\/01\/Aceite-1024x427.webp\" class=\"attachment-large size-large wp-image-1032\" alt=\"\" srcset=\"https:\/\/almazara.ch\/wp-content\/uploads\/2026\/01\/Aceite-1024x427.webp 1024w, https:\/\/almazara.ch\/wp-content\/uploads\/2026\/01\/Aceite-300x125.webp 300w, https:\/\/almazara.ch\/wp-content\/uploads\/2026\/01\/Aceite-768x320.webp 768w, https:\/\/almazara.ch\/wp-content\/uploads\/2026\/01\/Aceite-1536x640.webp 1536w, https:\/\/almazara.ch\/wp-content\/uploads\/2026\/01\/Aceite.webp 1920w\" sizes=\"(max-width: 800px) 100vw, 800px\" \/>\t\t\t\t\t\t\t\t\t\t\t\t\t\t\t<\/div>\n\t\t\t\t<\/div>\n\t\t<div class=\"elementor-element elementor-element-8853df5 e-con-full elementor-hidden-tablet e-flex e-con e-child\" data-id=\"8853df5\" data-element_type=\"container\" data-e-type=\"container\" data-settings=\"{&quot;background_background&quot;:&quot;classic&quot;}\">\n\t\t\t\t<\/div>\n\t\t\t\t\t<\/div>\n\t\t\t\t<\/div>\n\t\t<div class=\"elementor-element elementor-element-73afb3a e-flex e-con-boxed e-con e-parent\" data-id=\"73afb3a\" data-element_type=\"container\" data-e-type=\"container\" data-settings=\"{&quot;background_background&quot;:&quot;classic&quot;}\">\n\t\t\t\t\t<div class=\"e-con-inner\">\n\t\t\t\t<div class=\"elementor-element elementor-element-2906028 elementor-widget elementor-widget-heading\" data-id=\"2906028\" data-element_type=\"widget\" data-e-type=\"widget\" data-widget_type=\"heading.default\">\n\t\t\t\t\t<h2 class=\"elementor-heading-title elementor-size-default\">Acqu\u00e9rir nos produits<\/h2>\t\t\t\t<\/div>\n\t\t\t\t<div class=\"elementor-element elementor-element-7fea5dd elementor-widget__width-initial elementor-widget-mobile__width-inherit elementor-widget elementor-widget-heading\" data-id=\"7fea5dd\" data-element_type=\"widget\" data-e-type=\"widget\" data-widget_type=\"heading.default\">\n\t\t\t\t\t<h2 class=\"elementor-heading-title elementor-size-default\">Chaque produit est r\u00e9serv\u00e9 par le biais d'une conversation directe avec notre repr\u00e9sentante. Un service priv\u00e9, personnel et enti\u00e8rement exclusif.<\/h2>\t\t\t\t<\/div>\n\t\t\t\t<div class=\"elementor-element elementor-element-7584fe4 elementor-align-center elementor-widget elementor-widget-button\" data-id=\"7584fe4\" data-element_type=\"widget\" data-e-type=\"widget\" data-widget_type=\"button.default\">\n\t\t\t\t\t\t\t\t\t\t<a class=\"elementor-button elementor-button-link elementor-size-sm\" href=\"https:\/\/api.whatsapp.com\/send?phone=+41767927504&#038;text=Hello,%20how%20are%20you?%20I%E2%80%99m%20interested%20in%20purchasing%20Almazara%E2%80%99s%20products.\">\n\t\t\t\t\t\t<span class=\"elementor-button-content-wrapper\">\n\t\t\t\t\t\t\t\t\t<span class=\"elementor-button-text\">CONTACTER UN AGENT COMMERCIAL<\/span>\n\t\t\t\t\t<\/span>\n\t\t\t\t\t<\/a>\n\t\t\t\t\t\t\t\t<\/div>\n\t\t\t\t\t<\/div>\n\t\t\t\t<\/div>\n\t\t\t\t<\/div>","protected":false},"excerpt":{"rendered":"<p>ACEITE DE OLIVA VIRGEN EXTRA Calidad, exquisitez y exclusividad CONTACTAR CON UN AGENTE DE VENTAS Sobre Nosotros Nuestra filosof\u00eda es clara: \u201cEres lo que comes.\u201dPor eso solo ofrecemos productos que representan lo mejor de la cultura espa\u00f1ola en la gastron\u00f3mia. Uno de nuestros valores esenciales es la cercan\u00eda. Hemos construido una amplia red de clientes [&hellip;]<\/p>\n","protected":false},"author":1,"featured_media":0,"parent":0,"menu_order":0,"comment_status":"closed","ping_status":"closed","template":"","meta":{"footnotes":""},"class_list":["post-551","page","type-page","status-publish","hentry"],"_hostinger_reach_plugin_has_subscription_block":false,"_hostinger_reach_plugin_is_elementor":false,"_links":{"self":[{"href":"https:\/\/almazara.ch\/fr\/wp-json\/wp\/v2\/pages\/551","targetHints":{"allow":["GET"]}}],"collection":[{"href":"https:\/\/almazara.ch\/fr\/wp-json\/wp\/v2\/pages"}],"about":[{"href":"https:\/\/almazara.ch\/fr\/wp-json\/wp\/v2\/types\/page"}],"author":[{"embeddable":true,"href":"https:\/\/almazara.ch\/fr\/wp-json\/wp\/v2\/users\/1"}],"replies":[{"embeddable":true,"href":"https:\/\/almazara.ch\/fr\/wp-json\/wp\/v2\/comments?post=551"}],"version-history":[{"count":148,"href":"https:\/\/almazara.ch\/fr\/wp-json\/wp\/v2\/pages\/551\/revisions"}],"predecessor-version":[{"id":1243,"href":"https:\/\/almazara.ch\/fr\/wp-json\/wp\/v2\/pages\/551\/revisions\/1243"}],"wp:attachment":[{"href":"https:\/\/almazara.ch\/fr\/wp-json\/wp\/v2\/media?parent=551"}],"curies":[{"name":"wp","href":"https:\/\/api.w.org\/{rel}","templated":true}]}}