{"id":549,"date":"2025-12-18T14:43:11","date_gmt":"2025-12-18T14:43:11","guid":{"rendered":"https:\/\/almazara.proclubagency.com\/?page_id=549"},"modified":"2026-02-11T19:33:24","modified_gmt":"2026-02-11T19:33:24","slug":"jamones","status":"publish","type":"page","link":"https:\/\/almazara.ch\/fr\/jamones\/","title":{"rendered":"Jambons"},"content":{"rendered":"<div data-elementor-type=\"wp-page\" data-elementor-id=\"549\" class=\"elementor elementor-549\" data-elementor-post-type=\"page\">\n\t\t\t\t<div class=\"elementor-element elementor-element-21d0a5c e-flex e-con-boxed e-con e-parent\" data-id=\"21d0a5c\" data-element_type=\"container\" data-e-type=\"container\" data-settings=\"{&quot;background_background&quot;:&quot;classic&quot;}\">\n\t\t\t\t\t<div class=\"e-con-inner\">\n\t\t<div class=\"elementor-element elementor-element-2351ced e-con-full e-flex e-con e-child\" data-id=\"2351ced\" data-element_type=\"container\" data-e-type=\"container\">\n\t\t\t\t<div class=\"elementor-element elementor-element-46a5e21 elementor-widget elementor-widget-heading\" data-id=\"46a5e21\" data-element_type=\"widget\" data-e-type=\"widget\" data-widget_type=\"heading.default\">\n\t\t\t\t\t<h2 class=\"elementor-heading-title elementor-size-default\">JAMBONS 100\u00a0% IB\u00c9RIQUES<\/h2>\t\t\t\t<\/div>\n\t\t\t\t<div class=\"elementor-element elementor-element-e9ec479 elementor-widget elementor-widget-heading\" data-id=\"e9ec479\" data-element_type=\"widget\" data-e-type=\"widget\" data-widget_type=\"heading.default\">\n\t\t\t\t\t<h2 class=\"elementor-heading-title elementor-size-default\">Affinage lent et respect absolu du processus\n<\/h2>\t\t\t\t<\/div>\n\t\t\t\t<div class=\"elementor-element elementor-element-922fafe elementor-align-center elementor-widget elementor-widget-button\" data-id=\"922fafe\" data-element_type=\"widget\" data-e-type=\"widget\" data-widget_type=\"button.default\">\n\t\t\t\t\t\t\t\t\t\t<a class=\"elementor-button elementor-button-link elementor-size-sm\" href=\"https:\/\/api.whatsapp.com\/send?phone=+41767927504&#038;text=Hello,%20how%20are%20you?%20I%E2%80%99m%20interested%20in%20purchasing%20Almazara%E2%80%99s%20products.\">\n\t\t\t\t\t\t<span class=\"elementor-button-content-wrapper\">\n\t\t\t\t\t\t\t\t\t<span class=\"elementor-button-text\">CONTACTER UN AGENT COMMERCIAL<\/span>\n\t\t\t\t\t<\/span>\n\t\t\t\t\t<\/a>\n\t\t\t\t\t\t\t\t<\/div>\n\t\t\t\t<\/div>\n\t\t\t\t<div class=\"elementor-element elementor-element-e228049 elementor-widget elementor-widget-image\" data-id=\"e228049\" data-element_type=\"widget\" data-e-type=\"widget\" data-widget_type=\"image.default\">\n\t\t\t\t\t\t\t\t\t\t\t\t\t\t\t<img fetchpriority=\"high\" decoding=\"async\" width=\"500\" height=\"400\" src=\"https:\/\/almazara.ch\/wp-content\/uploads\/2026\/01\/Pata-de-Jamon.webp\" class=\"attachment-large size-large wp-image-1136\" alt=\"\" srcset=\"https:\/\/almazara.ch\/wp-content\/uploads\/2026\/01\/Pata-de-Jamon.webp 500w, https:\/\/almazara.ch\/wp-content\/uploads\/2026\/01\/Pata-de-Jamon-300x240.webp 300w\" sizes=\"(max-width: 500px) 100vw, 500px\" \/>\t\t\t\t\t\t\t\t\t\t\t\t\t\t\t<\/div>\n\t\t\t\t\t<\/div>\n\t\t\t\t<\/div>\n\t\t<div class=\"elementor-element elementor-element-b398294 e-flex e-con-boxed e-con e-parent\" data-id=\"b398294\" data-element_type=\"container\" data-e-type=\"container\" data-settings=\"{&quot;background_background&quot;:&quot;classic&quot;}\">\n\t\t\t\t\t<div class=\"e-con-inner\">\n\t\t<div class=\"elementor-element elementor-element-85923dd e-con-full e-flex e-con e-child\" data-id=\"85923dd\" data-element_type=\"container\" data-e-type=\"container\">\n\t\t\t\t<div class=\"elementor-element elementor-element-7f91ee6 elementor-widget elementor-widget-heading\" data-id=\"7f91ee6\" data-element_type=\"widget\" data-e-type=\"widget\" data-widget_type=\"heading.default\">\n\t\t\t\t\t<h2 class=\"elementor-heading-title elementor-size-default\">\u00c0 propos de nous<\/h2>\t\t\t\t<\/div>\n\t\t\t\t<div class=\"elementor-element elementor-element-fa49a7f elementor-widget__width-initial elementor-widget elementor-widget-text-editor\" data-id=\"fa49a7f\" data-element_type=\"widget\" data-e-type=\"widget\" data-widget_type=\"text-editor.default\">\n\t\t\t\t\t\t\t\t\t<p><span style=\"color: #e6ad00;\"><strong>Notre philosophie est claire: <\/strong><strong>\u201cTu es ce que tu manges.\u201d<\/strong><\/span><br \/>C'est pourquoi nous n'offrons que des produits qui repr\u00e9sentent le meilleur de la culture gastronomique espagnole. L'une de nos valeurs essentielles est la proximit\u00e9. Nous avons constitu\u00e9 un vaste r\u00e9seau de clients priv\u00e9s en Suisse gr\u00e2ce \u00e0 un contact direct et personnel. Notre \u00e9quipe commerciale travaille toujours en premi\u00e8re personne, rendant visite \u00e0 nos clients, conseillant, recommandant et accompagnant chaque commande avec le soin que m\u00e9rite un produit de cette cat\u00e9gorie.<\/p><p><span style=\"color: #e6ad00;\"><strong>Plus que vendre, nous construisons des relations.<\/strong><\/span><br \/>Nous croyons que la gastronomie espagnole, lorsqu'elle est pr\u00e9sent\u00e9e avec rigueur et passion, parle d'elle-m\u00eame.<br \/>Bienvenue chez Almazara : une saveur espagnole authentique et un service aussi humain que nos origines.<\/p>\t\t\t\t\t\t\t\t<\/div>\n\t\t\t\t<\/div>\n\t\t<div class=\"elementor-element elementor-element-33d7786 e-con-full e-flex e-con e-child\" data-id=\"33d7786\" data-element_type=\"container\" data-e-type=\"container\" data-settings=\"{&quot;background_background&quot;:&quot;classic&quot;}\">\n\t\t\t\t<div class=\"elementor-element elementor-element-f204915 elementor-widget elementor-widget-image\" data-id=\"f204915\" data-element_type=\"widget\" data-e-type=\"widget\" data-widget_type=\"image.default\">\n\t\t\t\t\t\t\t\t\t\t\t\t\t\t\t<img decoding=\"async\" width=\"500\" height=\"400\" src=\"https:\/\/almazara.ch\/wp-content\/uploads\/2026\/01\/Diseno-sin-titulo-8.webp\" class=\"attachment-large size-large wp-image-1087\" alt=\"\" srcset=\"https:\/\/almazara.ch\/wp-content\/uploads\/2026\/01\/Diseno-sin-titulo-8.webp 500w, https:\/\/almazara.ch\/wp-content\/uploads\/2026\/01\/Diseno-sin-titulo-8-300x240.webp 300w\" sizes=\"(max-width: 500px) 100vw, 500px\" \/>\t\t\t\t\t\t\t\t\t\t\t\t\t\t\t<\/div>\n\t\t\t\t<\/div>\n\t\t\t\t\t<\/div>\n\t\t\t\t<\/div>\n\t\t<div class=\"elementor-element elementor-element-eaae25b e-flex e-con-boxed e-con e-parent\" data-id=\"eaae25b\" data-element_type=\"container\" data-e-type=\"container\" data-settings=\"{&quot;background_background&quot;:&quot;classic&quot;}\">\n\t\t\t\t\t<div class=\"e-con-inner\">\n\t\t\t\t\t<\/div>\n\t\t\t\t<\/div>\n\t\t<div class=\"elementor-element elementor-element-f31546c e-flex e-con-boxed e-con e-parent\" data-id=\"f31546c\" data-element_type=\"container\" data-e-type=\"container\" data-settings=\"{&quot;background_background&quot;:&quot;classic&quot;}\">\n\t\t\t\t\t<div class=\"e-con-inner\">\n\t\t<div class=\"elementor-element elementor-element-43a5902 e-con-full e-flex e-con e-child\" data-id=\"43a5902\" data-element_type=\"container\" data-e-type=\"container\">\n\t\t\t\t<div class=\"elementor-element elementor-element-1278098 elementor-widget elementor-widget-heading\" data-id=\"1278098\" data-element_type=\"widget\" data-e-type=\"widget\" data-widget_type=\"heading.default\">\n\t\t\t\t\t<h2 class=\"elementor-heading-title elementor-size-default\">Processus de fabrication\n<\/h2>\t\t\t\t<\/div>\n\t\t<div class=\"elementor-element elementor-element-e4e7b40 e-con-full e-flex e-con e-child\" data-id=\"e4e7b40\" data-element_type=\"container\" data-e-type=\"container\">\n\t\t\t\t<div class=\"elementor-element elementor-element-62042fd elementor-widget__width-initial elementor-position-top elementor-widget elementor-widget-image-box\" data-id=\"62042fd\" data-element_type=\"widget\" data-e-type=\"widget\" data-widget_type=\"image-box.default\">\n\t\t\t\t\t<div class=\"elementor-image-box-wrapper\"><figure class=\"elementor-image-box-img\"><img decoding=\"async\" width=\"450\" height=\"450\" src=\"https:\/\/almazara.ch\/wp-content\/uploads\/2026\/01\/Crianza.webp\" class=\"attachment-full size-full wp-image-1144\" alt=\"\" srcset=\"https:\/\/almazara.ch\/wp-content\/uploads\/2026\/01\/Crianza.webp 450w, https:\/\/almazara.ch\/wp-content\/uploads\/2026\/01\/Crianza-300x300.webp 300w, https:\/\/almazara.ch\/wp-content\/uploads\/2026\/01\/Crianza-150x150.webp 150w\" sizes=\"(max-width: 450px) 100vw, 450px\" \/><\/figure><div class=\"elementor-image-box-content\"><h3 class=\"elementor-image-box-title\">1. \u00c9levage<\/h3><p class=\"elementor-image-box-description\">Les porcs ib\u00e9riques vivent en libert\u00e9 dans la dehesa, se nourrissant de glands, de p\u00e2turages et d\u2019herbes sauvages. Cette \u00e9tape d\u00e9finit la qualit\u00e9 finale du jambon et l\u2019infiltration naturelle de graisse dans la viande.<\/p><\/div><\/div>\t\t\t\t<\/div>\n\t\t\t\t<div class=\"elementor-element elementor-element-9a4847d elementor-widget__width-initial elementor-position-top elementor-widget elementor-widget-image-box\" data-id=\"9a4847d\" data-element_type=\"widget\" data-e-type=\"widget\" data-widget_type=\"image-box.default\">\n\t\t\t\t\t<div class=\"elementor-image-box-wrapper\"><figure class=\"elementor-image-box-img\"><img loading=\"lazy\" decoding=\"async\" width=\"450\" height=\"450\" src=\"https:\/\/almazara.ch\/wp-content\/uploads\/2026\/01\/SELECCION.webp\" class=\"attachment-full size-full wp-image-1143\" alt=\"\" srcset=\"https:\/\/almazara.ch\/wp-content\/uploads\/2026\/01\/SELECCION.webp 450w, https:\/\/almazara.ch\/wp-content\/uploads\/2026\/01\/SELECCION-300x300.webp 300w, https:\/\/almazara.ch\/wp-content\/uploads\/2026\/01\/SELECCION-150x150.webp 150w\" sizes=\"(max-width: 450px) 100vw, 450px\" \/><\/figure><div class=\"elementor-image-box-content\"><h3 class=\"elementor-image-box-title\">2. Abattage et s\u00e9lection<\/h3><p class=\"elementor-image-box-description\">Les porcs sont abattus aux alentours de 21 mois. Les pattes arri\u00e8res, appel\u00e9es perniles, sont soigneusement s\u00e9lectionn\u00e9es et destin\u00e9es exclusivement \u00e0 l\u2019\u00e9laboration du jambon ib\u00e9rique.<\/p><\/div><\/div>\t\t\t\t<\/div>\n\t\t\t\t<div class=\"elementor-element elementor-element-338cb9f elementor-widget__width-initial elementor-position-top elementor-widget elementor-widget-image-box\" data-id=\"338cb9f\" data-element_type=\"widget\" data-e-type=\"widget\" data-widget_type=\"image-box.default\">\n\t\t\t\t\t<div class=\"elementor-image-box-wrapper\"><figure class=\"elementor-image-box-img\"><img loading=\"lazy\" decoding=\"async\" width=\"450\" height=\"450\" src=\"https:\/\/almazara.ch\/wp-content\/uploads\/2026\/01\/SALAZON.webp\" class=\"attachment-full size-full wp-image-1142\" alt=\"\" srcset=\"https:\/\/almazara.ch\/wp-content\/uploads\/2026\/01\/SALAZON.webp 450w, https:\/\/almazara.ch\/wp-content\/uploads\/2026\/01\/SALAZON-300x300.webp 300w, https:\/\/almazara.ch\/wp-content\/uploads\/2026\/01\/SALAZON-150x150.webp 150w\" sizes=\"(max-width: 450px) 100vw, 450px\" \/><\/figure><div class=\"elementor-image-box-content\"><h3 class=\"elementor-image-box-title\">3. Salaison<\/h3><p class=\"elementor-image-box-description\">Les pi\u00e8ces sont enti\u00e8rement recouvertes de sel marin et empil\u00e9es entre 15 et 20 jours, soit un jour par kilogramme de poids. Cela d\u00e9shydrate la viande et intensifie sa saveur caract\u00e9ristique.<\/p><\/div><\/div>\t\t\t\t<\/div>\n\t\t\t\t<\/div>\n\t\t<div class=\"elementor-element elementor-element-6b0211c e-con-full e-flex e-con e-child\" data-id=\"6b0211c\" data-element_type=\"container\" data-e-type=\"container\">\n\t\t\t\t<div class=\"elementor-element elementor-element-b5d5be3 elementor-widget__width-initial elementor-position-top elementor-widget elementor-widget-image-box\" data-id=\"b5d5be3\" data-element_type=\"widget\" data-e-type=\"widget\" data-widget_type=\"image-box.default\">\n\t\t\t\t\t<div class=\"elementor-image-box-wrapper\"><figure class=\"elementor-image-box-img\"><img loading=\"lazy\" decoding=\"async\" width=\"450\" height=\"450\" src=\"https:\/\/almazara.ch\/wp-content\/uploads\/2026\/01\/LAVADO.webp\" class=\"attachment-full size-full wp-image-1141\" alt=\"\" srcset=\"https:\/\/almazara.ch\/wp-content\/uploads\/2026\/01\/LAVADO.webp 450w, https:\/\/almazara.ch\/wp-content\/uploads\/2026\/01\/LAVADO-300x300.webp 300w, https:\/\/almazara.ch\/wp-content\/uploads\/2026\/01\/LAVADO-150x150.webp 150w\" sizes=\"(max-width: 450px) 100vw, 450px\" \/><\/figure><div class=\"elementor-image-box-content\"><h3 class=\"elementor-image-box-title\">4. Lavage et repos<\/h3><p class=\"elementor-image-box-description\">Apr\u00e8s la salaison, les pi\u00e8ces sont soigneusement lav\u00e9es pour \u00e9liminer l\u2019exc\u00e8s de sel et reposent en chambres de repos contr\u00f4l\u00e9es entre 30 et 90 jours environ.<\/p><\/div><\/div>\t\t\t\t<\/div>\n\t\t\t\t<div class=\"elementor-element elementor-element-81e34ea elementor-widget__width-initial elementor-position-top elementor-widget elementor-widget-image-box\" data-id=\"81e34ea\" data-element_type=\"widget\" data-e-type=\"widget\" data-widget_type=\"image-box.default\">\n\t\t\t\t\t<div class=\"elementor-image-box-wrapper\"><figure class=\"elementor-image-box-img\"><img loading=\"lazy\" decoding=\"async\" width=\"450\" height=\"450\" src=\"https:\/\/almazara.ch\/wp-content\/uploads\/2026\/01\/MADURACION.webp\" class=\"attachment-full size-full wp-image-1140\" alt=\"\" srcset=\"https:\/\/almazara.ch\/wp-content\/uploads\/2026\/01\/MADURACION.webp 450w, https:\/\/almazara.ch\/wp-content\/uploads\/2026\/01\/MADURACION-300x300.webp 300w, https:\/\/almazara.ch\/wp-content\/uploads\/2026\/01\/MADURACION-150x150.webp 150w\" sizes=\"(max-width: 450px) 100vw, 450px\" \/><\/figure><div class=\"elementor-image-box-content\"><h3 class=\"elementor-image-box-title\">5. Maturation<\/h3><p class=\"elementor-image-box-description\">Les jambons passent dans des s\u00e9choirs naturels pendant plusieurs mois, o\u00f9 temp\u00e9rature et humidit\u00e9 sont r\u00e9gul\u00e9es. Ils reposent ensuite en cave pendant des ann\u00e9es, d\u00e9veloppant des ar\u00f4mes complexes et une texture inimitable.<\/p><\/div><\/div>\t\t\t\t<\/div>\n\t\t\t\t<div class=\"elementor-element elementor-element-ca5fb40 elementor-widget__width-initial elementor-position-top elementor-widget elementor-widget-image-box\" data-id=\"ca5fb40\" data-element_type=\"widget\" data-e-type=\"widget\" data-widget_type=\"image-box.default\">\n\t\t\t\t\t<div class=\"elementor-image-box-wrapper\"><figure class=\"elementor-image-box-img\"><img loading=\"lazy\" decoding=\"async\" width=\"450\" height=\"450\" src=\"https:\/\/almazara.ch\/wp-content\/uploads\/2026\/01\/CALA.webp\" class=\"attachment-full size-full wp-image-1155\" alt=\"\" srcset=\"https:\/\/almazara.ch\/wp-content\/uploads\/2026\/01\/CALA.webp 450w, https:\/\/almazara.ch\/wp-content\/uploads\/2026\/01\/CALA-300x300.webp 300w, https:\/\/almazara.ch\/wp-content\/uploads\/2026\/01\/CALA-150x150.webp 150w\" sizes=\"(max-width: 450px) 100vw, 450px\" \/><\/figure><div class=\"elementor-image-box-content\"><h3 class=\"elementor-image-box-title\">6. Contr\u00f4le qualit\u00e9<\/h3><p class=\"elementor-image-box-description\">En cave, le jambon est affin\u00e9, la fleur naturelle est surveill\u00e9e et il est prot\u00e9g\u00e9 avec du saindoux. Des ma\u00eetres jambonniers effectuent des calas aromatiques avant sa commercialisation finale.<\/p><\/div><\/div>\t\t\t\t<\/div>\n\t\t\t\t<\/div>\n\t\t\t\t<\/div>\n\t\t\t\t\t<\/div>\n\t\t\t\t<\/div>\n\t\t<div class=\"elementor-element elementor-element-115a80e e-flex e-con-boxed e-con e-parent\" data-id=\"115a80e\" data-element_type=\"container\" data-e-type=\"container\" data-settings=\"{&quot;background_background&quot;:&quot;classic&quot;}\">\n\t\t\t\t\t<div class=\"e-con-inner\">\n\t\t\t\t<div class=\"elementor-element elementor-element-b01cbd9 elementor-widget elementor-widget-heading\" data-id=\"b01cbd9\" data-element_type=\"widget\" data-e-type=\"widget\" data-widget_type=\"heading.default\">\n\t\t\t\t\t<h2 class=\"elementor-heading-title elementor-size-default\">Acqu\u00e9rir nos produits<\/h2>\t\t\t\t<\/div>\n\t\t\t\t<div class=\"elementor-element elementor-element-e1cfe9c elementor-widget__width-initial elementor-widget-mobile__width-inherit elementor-widget elementor-widget-heading\" data-id=\"e1cfe9c\" data-element_type=\"widget\" data-e-type=\"widget\" data-widget_type=\"heading.default\">\n\t\t\t\t\t<h2 class=\"elementor-heading-title elementor-size-default\">Chaque produit est r\u00e9serv\u00e9 par le biais d'une conversation directe avec notre repr\u00e9sentante. Un service priv\u00e9, personnel et enti\u00e8rement exclusif.<\/h2>\t\t\t\t<\/div>\n\t\t\t\t<div class=\"elementor-element elementor-element-16d4d3a elementor-align-center elementor-widget elementor-widget-button\" data-id=\"16d4d3a\" data-element_type=\"widget\" data-e-type=\"widget\" data-widget_type=\"button.default\">\n\t\t\t\t\t\t\t\t\t\t<a class=\"elementor-button elementor-button-link elementor-size-sm\" href=\"https:\/\/api.whatsapp.com\/send?phone=+41767927504&#038;text=Hello,%20how%20are%20you?%20I%E2%80%99m%20interested%20in%20purchasing%20Almazara%E2%80%99s%20products.\">\n\t\t\t\t\t\t<span class=\"elementor-button-content-wrapper\">\n\t\t\t\t\t\t\t\t\t<span class=\"elementor-button-text\">CONTACTER UN AGENT COMMERCIAL<\/span>\n\t\t\t\t\t<\/span>\n\t\t\t\t\t<\/a>\n\t\t\t\t\t\t\t\t<\/div>\n\t\t\t\t\t<\/div>\n\t\t\t\t<\/div>\n\t\t\t\t<\/div>","protected":false},"excerpt":{"rendered":"<p>JAMONES 100% IB\u00c9RICOS Curaci\u00f3n lenta y respeto absoluto por el proceso CONTACTAR CON UN AGENTE DE VENTAS Sobre Nosotros Nuestra filosof\u00eda es clara: \u201cEres lo que comes.\u201dPor eso solo ofrecemos productos que representan lo mejor de la cultura espa\u00f1ola en la gastron\u00f3mia. Uno de nuestros valores esenciales es la cercan\u00eda. Hemos construido una amplia red [&hellip;]<\/p>\n","protected":false},"author":1,"featured_media":0,"parent":0,"menu_order":0,"comment_status":"closed","ping_status":"closed","template":"","meta":{"footnotes":""},"class_list":["post-549","page","type-page","status-publish","hentry"],"_hostinger_reach_plugin_has_subscription_block":false,"_hostinger_reach_plugin_is_elementor":false,"_links":{"self":[{"href":"https:\/\/almazara.ch\/fr\/wp-json\/wp\/v2\/pages\/549","targetHints":{"allow":["GET"]}}],"collection":[{"href":"https:\/\/almazara.ch\/fr\/wp-json\/wp\/v2\/pages"}],"about":[{"href":"https:\/\/almazara.ch\/fr\/wp-json\/wp\/v2\/types\/page"}],"author":[{"embeddable":true,"href":"https:\/\/almazara.ch\/fr\/wp-json\/wp\/v2\/users\/1"}],"replies":[{"embeddable":true,"href":"https:\/\/almazara.ch\/fr\/wp-json\/wp\/v2\/comments?post=549"}],"version-history":[{"count":79,"href":"https:\/\/almazara.ch\/fr\/wp-json\/wp\/v2\/pages\/549\/revisions"}],"predecessor-version":[{"id":1207,"href":"https:\/\/almazara.ch\/fr\/wp-json\/wp\/v2\/pages\/549\/revisions\/1207"}],"wp:attachment":[{"href":"https:\/\/almazara.ch\/fr\/wp-json\/wp\/v2\/media?parent=549"}],"curies":[{"name":"wp","href":"https:\/\/api.w.org\/{rel}","templated":true}]}}