{"id":659,"date":"2025-12-18T16:40:03","date_gmt":"2025-12-18T16:40:03","guid":{"rendered":"https:\/\/almazara.proclubagency.com\/?page_id=659"},"modified":"2026-02-19T11:51:57","modified_gmt":"2026-02-19T11:51:57","slug":"aviso-legal","status":"publish","type":"page","link":"https:\/\/almazara.ch\/en\/aviso-legal\/","title":{"rendered":"Legal Notice"},"content":{"rendered":"<div data-elementor-type=\"wp-page\" data-elementor-id=\"659\" class=\"elementor elementor-659\" data-elementor-post-type=\"page\">\n\t\t\t\t<div class=\"elementor-element elementor-element-986de20 e-con-full e-flex e-con e-parent\" data-id=\"986de20\" data-element_type=\"container\" data-e-type=\"container\" data-settings=\"{&quot;background_background&quot;:&quot;classic&quot;}\">\n\t\t\t\t<div class=\"elementor-element elementor-element-819c949 elementor-widget elementor-widget-heading\" data-id=\"819c949\" data-element_type=\"widget\" data-e-type=\"widget\" data-widget_type=\"heading.default\">\n\t\t\t\t\t<h2 class=\"elementor-heading-title elementor-size-default\">LEGAL NOTICE<\/h2>\t\t\t\t<\/div>\n\t\t\t\t<div class=\"elementor-element elementor-element-616bafa elementor-widget__width-initial elementor-widget elementor-widget-text-editor\" data-id=\"616bafa\" data-element_type=\"widget\" data-e-type=\"widget\" data-widget_type=\"text-editor.default\">\n\t\t\t\t\t\t\t\t\t<h3 data-start=\"16\" data-end=\"36\"><span style=\"color: #e6ad00;\">Identification<\/span><\/h3><p data-start=\"37\" data-end=\"232\">This website is owned by <strong data-start=\"70\" data-end=\"93\">ALMAZARA ESPEJO SRL<\/strong><br data-start=\"93\" data-end=\"96\" \/><strong>C.I.F.:<\/strong> 440.482.972<br data-start=\"115\" data-end=\"118\" \/><strong>Registered address:<\/strong> Grande Rue 23, La Neuveville, CP 2520, Berne, Switzerland<br data-start=\"180\" data-end=\"183\" \/><strong>Contact:<\/strong> almazara.olive@gmail.com | +41767850506<\/p><hr data-start=\"234\" data-end=\"237\" \/><h3 data-start=\"239\" data-end=\"265\"><span style=\"color: #e6ad00;\">Nature of the Site<\/span><\/h3><p data-start=\"266\" data-end=\"542\">The website <span style=\"color: #e6ad00;\"><a class=\"decorated-link\" style=\"color: #e6ad00;\" href=\"https:\/\/almazara.ch\/en\/\" target=\"_new\" rel=\"noopener\" data-start=\"273\" data-end=\"292\">https:\/\/almazara.ch<\/a><\/span> is informational in nature. Its purpose is to present the identity, philosophy, and products of Almazara, as well as to provide a private contact channel.<br data-start=\"444\" data-end=\"447\" \/>The content of the site does not constitute an offer for sale or a direct contracting system.<\/p><hr data-start=\"544\" data-end=\"547\" \/><h3 data-start=\"549\" data-end=\"567\"><span style=\"color: #e6ad00;\">Access and Use<\/span><\/h3><p data-start=\"568\" data-end=\"792\">Access to the site is free of charge. The user undertakes to use it in a lawful, proper, and purposeful manner, refraining from any use that may damage, disable, or overload the site or affect third parties.<\/p><hr data-start=\"794\" data-end=\"797\" \/><h3 data-start=\"799\" data-end=\"815\"><span style=\"color: #e6ad00;\">Content<\/span><\/h3><p data-start=\"816\" data-end=\"960\">Almazara reserves the right to modify, update, or remove the content of the site at any time without prior notice.<\/p><hr data-start=\"962\" data-end=\"965\" \/><h3 data-start=\"967\" data-end=\"988\"><span style=\"color: #e6ad00;\">Liability<\/span><\/h3><p data-start=\"989\" data-end=\"1239\">ALMAZARA ESPEJO SRL is not responsible for service interruptions, technical errors, or the use that users may make of the published information.<br data-start=\"1147\" data-end=\"1150\" \/>It also assumes no liability for the content of external websites linked from this site.<\/p><hr data-start=\"1241\" data-end=\"1244\" \/><h3 data-start=\"1246\" data-end=\"1273\"><span style=\"color: #e6ad00;\">Intellectual Property<\/span><\/h3><p data-start=\"1274\" data-end=\"1539\">All content on this website, including texts, images, videos, design, and structure, is the property of Almazara or its legitimate owners and is protected by intellectual property regulations.<br data-start=\"1488\" data-end=\"1491\" \/>Any use without express authorisation is prohibited.<\/p><hr data-start=\"1541\" data-end=\"1544\" \/><h3 data-start=\"1546\" data-end=\"1578\"><span style=\"color: #e6ad00;\">Governing Law and Jurisdiction<\/span><\/h3><p data-start=\"1579\" data-end=\"1731\" data-is-last-node=\"\" data-is-only-node=\"\">This Legal Notice is governed by <strong data-start=\"1618\" data-end=\"1639\">Swiss law<\/strong>.<br data-start=\"1640\" data-end=\"1643\" \/>Any dispute shall be submitted to the courts with legal jurisdiction.<\/p>\t\t\t\t\t\t\t\t<\/div>\n\t\t\t\t<\/div>\n\t\t\t\t<\/div>","protected":false},"excerpt":{"rendered":"<p>AVISO LEGAL Identificaci\u00f3n Este sitio web es titularidad de ALMAZARA ESPEJO SRLC.I.F.: 440.482.972Domicilio: Grande Rue 23, La Neuveville, CP 2520, Berna, SuizaContacto: almazara.olive@gmail.com | +41767850506 Naturaleza del sitio La web https:\/\/almazara.ch tiene car\u00e1cter informativo. Su finalidad es presentar la identidad, filosof\u00eda y productos de Almazara, as\u00ed como facilitar un canal de contacto privado.El contenido del [&hellip;]<\/p>\n","protected":false},"author":1,"featured_media":0,"parent":0,"menu_order":0,"comment_status":"closed","ping_status":"closed","template":"","meta":{"footnotes":""},"class_list":["post-659","page","type-page","status-publish","hentry"],"_hostinger_reach_plugin_has_subscription_block":false,"_hostinger_reach_plugin_is_elementor":false,"_links":{"self":[{"href":"https:\/\/almazara.ch\/en\/wp-json\/wp\/v2\/pages\/659","targetHints":{"allow":["GET"]}}],"collection":[{"href":"https:\/\/almazara.ch\/en\/wp-json\/wp\/v2\/pages"}],"about":[{"href":"https:\/\/almazara.ch\/en\/wp-json\/wp\/v2\/types\/page"}],"author":[{"embeddable":true,"href":"https:\/\/almazara.ch\/en\/wp-json\/wp\/v2\/users\/1"}],"replies":[{"embeddable":true,"href":"https:\/\/almazara.ch\/en\/wp-json\/wp\/v2\/comments?post=659"}],"version-history":[{"count":28,"href":"https:\/\/almazara.ch\/en\/wp-json\/wp\/v2\/pages\/659\/revisions"}],"predecessor-version":[{"id":1273,"href":"https:\/\/almazara.ch\/en\/wp-json\/wp\/v2\/pages\/659\/revisions\/1273"}],"wp:attachment":[{"href":"https:\/\/almazara.ch\/en\/wp-json\/wp\/v2\/media?parent=659"}],"curies":[{"name":"wp","href":"https:\/\/api.w.org\/{rel}","templated":true}]}}