{"id":659,"date":"2025-12-18T16:40:03","date_gmt":"2025-12-18T16:40:03","guid":{"rendered":"https:\/\/almazara.proclubagency.com\/?page_id=659"},"modified":"2026-02-19T11:51:57","modified_gmt":"2026-02-19T11:51:57","slug":"aviso-legal","status":"publish","type":"page","link":"https:\/\/almazara.ch\/de\/aviso-legal\/","title":{"rendered":"Impressum"},"content":{"rendered":"<div data-elementor-type=\"wp-page\" data-elementor-id=\"659\" class=\"elementor elementor-659\" data-elementor-post-type=\"page\">\n\t\t\t\t<div class=\"elementor-element elementor-element-986de20 e-con-full e-flex e-con e-parent\" data-id=\"986de20\" data-element_type=\"container\" data-e-type=\"container\" data-settings=\"{&quot;background_background&quot;:&quot;classic&quot;}\">\n\t\t\t\t<div class=\"elementor-element elementor-element-819c949 elementor-widget elementor-widget-heading\" data-id=\"819c949\" data-element_type=\"widget\" data-e-type=\"widget\" data-widget_type=\"heading.default\">\n\t\t\t\t\t<h2 class=\"elementor-heading-title elementor-size-default\">IMPRESSUM<\/h2>\t\t\t\t<\/div>\n\t\t\t\t<div class=\"elementor-element elementor-element-616bafa elementor-widget__width-initial elementor-widget elementor-widget-text-editor\" data-id=\"616bafa\" data-element_type=\"widget\" data-e-type=\"widget\" data-widget_type=\"text-editor.default\">\n\t\t\t\t\t\t\t\t\t<h3 data-start=\"16\" data-end=\"36\"><span style=\"color: #e6ad00;\">Angaben<\/span><\/h3><p data-start=\"37\" data-end=\"232\">Diese Website ist Eigentum von <strong data-start=\"70\" data-end=\"93\">ALMAZARA ESPEJO SRL<\/strong><br data-start=\"93\" data-end=\"96\" \/><strong>C.I.F.:<\/strong> 440.482.972<br data-start=\"115\" data-end=\"118\" \/><strong>Gesch\u00e4ftssitz:<\/strong> Grande Rue 23, La Neuveville, CP 2520, Bern, Schweiz.<br data-start=\"180\" data-end=\"183\" \/><strong>Kontakt:<\/strong> almazara.olive@gmail.com | +41767850506<\/p><hr data-start=\"234\" data-end=\"237\" \/><h3 data-start=\"239\" data-end=\"265\"><span style=\"color: #e6ad00;\">Art der Website<\/span><\/h3><p data-start=\"266\" data-end=\"542\">Die Website <span style=\"color: #e6ad00;\"><a class=\"decorated-link\" style=\"color: #e6ad00;\" href=\"https:\/\/almazara.ch\/de\/\" target=\"_new\" rel=\"noopener\" data-start=\"273\" data-end=\"292\">https:\/\/almazara.ch<\/a><\/span> hat informativen Charakter. Ihr Zweck ist es, die Identit\u00e4t, Philosophie und Produkte von Almazara vorzustellen sowie einen privaten Kontaktkanal bereitzustellen.<br data-start=\"444\" data-end=\"447\" \/>Die Inhalte der Website stellen kein Verkaufsangebot und kein System zum direkten Vertragsabschluss dar.<\/p><hr data-start=\"544\" data-end=\"547\" \/><h3 data-start=\"549\" data-end=\"567\"><span style=\"color: #e6ad00;\">Zugang und Nutzung<\/span><\/h3><p data-start=\"568\" data-end=\"792\">Der Zugang zur Website ist frei. Der Nutzer verpflichtet sich, sie auf rechtm\u00e4\u00dfige, ordnungsgem\u00e4\u00dfe und zweckentsprechende Weise zu nutzen und Handlungen zu unterlassen, die die Website besch\u00e4digen, unbrauchbar machen oder \u00fcberlasten oder Dritte beeintr\u00e4chtigen k\u00f6nnten.<\/p><hr data-start=\"794\" data-end=\"797\" \/><h3 data-start=\"799\" data-end=\"815\"><span style=\"color: #e6ad00;\">Inhalte<\/span><\/h3><p data-start=\"816\" data-end=\"960\">Almazara beh\u00e4lt sich das Recht vor, die Inhalte der Website jederzeit und ohne vorherige Ank\u00fcndigung zu \u00e4ndern, zu aktualisieren oder zu entfernen.<\/p><hr data-start=\"962\" data-end=\"965\" \/><h3 data-start=\"967\" data-end=\"988\"><span style=\"color: #e6ad00;\">Haftung<\/span><\/h3><p data-start=\"989\" data-end=\"1239\">ALMAZARA ESPEJO SRL no se responsabiliza de interrupciones del servicio, errores t\u00e9cnicos o del uso que los usuarios puedan hacer de la informaci\u00f3n publicada.<br data-start=\"1147\" data-end=\"1150\" \/>Tampoco asume responsabilidad por contenidos de sitios externos enlazados desde esta web.<\/p><hr data-start=\"1241\" data-end=\"1244\" \/><h3 data-start=\"1246\" data-end=\"1273\"><span style=\"color: #e6ad00;\">Propiedad intelectual<\/span><\/h3><p data-start=\"1274\" data-end=\"1539\">S\u00e4mtliche Inhalte dieser Website, einschlie\u00dflich Texte, Bilder, Videos, Design und Struktur, sind Eigentum von Almazara oder ihrer rechtm\u00e4\u00dfigen Eigent\u00fcmer und durch das Urheberrecht gesch\u00fctzt.<br data-start=\"1488\" data-end=\"1491\" \/>Jede Nutzung ohne ausdr\u00fcckliche Genehmigung ist untersagt.<\/p><hr data-start=\"1541\" data-end=\"1544\" \/><h3 data-start=\"1546\" data-end=\"1578\"><span style=\"color: #e6ad00;\">Anwendbares Recht und Gerichtsstand<\/span><\/h3><p data-start=\"1579\" data-end=\"1731\" data-is-last-node=\"\" data-is-only-node=\"\">Dieses Impressum unterliegt dem <strong data-start=\"1618\" data-end=\"1639\">Schweizer Recht<\/strong>.<br data-start=\"1640\" data-end=\"1643\" \/>Etwaige Streitigkeiten werden den gesetzlich zust\u00e4ndigen Gerichten vorgelegt.<\/p>\t\t\t\t\t\t\t\t<\/div>\n\t\t\t\t<\/div>\n\t\t\t\t<\/div>","protected":false},"excerpt":{"rendered":"<p>AVISO LEGAL Identificaci\u00f3n Este sitio web es titularidad de ALMAZARA ESPEJO SRLC.I.F.: 440.482.972Domicilio: Grande Rue 23, La Neuveville, CP 2520, Berna, SuizaContacto: almazara.olive@gmail.com | +41767850506 Naturaleza del sitio La web https:\/\/almazara.ch tiene car\u00e1cter informativo. Su finalidad es presentar la identidad, filosof\u00eda y productos de Almazara, as\u00ed como facilitar un canal de contacto privado.El contenido del [&hellip;]<\/p>\n","protected":false},"author":1,"featured_media":0,"parent":0,"menu_order":0,"comment_status":"closed","ping_status":"closed","template":"","meta":{"footnotes":""},"class_list":["post-659","page","type-page","status-publish","hentry"],"_hostinger_reach_plugin_has_subscription_block":false,"_hostinger_reach_plugin_is_elementor":false,"_links":{"self":[{"href":"https:\/\/almazara.ch\/de\/wp-json\/wp\/v2\/pages\/659","targetHints":{"allow":["GET"]}}],"collection":[{"href":"https:\/\/almazara.ch\/de\/wp-json\/wp\/v2\/pages"}],"about":[{"href":"https:\/\/almazara.ch\/de\/wp-json\/wp\/v2\/types\/page"}],"author":[{"embeddable":true,"href":"https:\/\/almazara.ch\/de\/wp-json\/wp\/v2\/users\/1"}],"replies":[{"embeddable":true,"href":"https:\/\/almazara.ch\/de\/wp-json\/wp\/v2\/comments?post=659"}],"version-history":[{"count":28,"href":"https:\/\/almazara.ch\/de\/wp-json\/wp\/v2\/pages\/659\/revisions"}],"predecessor-version":[{"id":1273,"href":"https:\/\/almazara.ch\/de\/wp-json\/wp\/v2\/pages\/659\/revisions\/1273"}],"wp:attachment":[{"href":"https:\/\/almazara.ch\/de\/wp-json\/wp\/v2\/media?parent=659"}],"curies":[{"name":"wp","href":"https:\/\/api.w.org\/{rel}","templated":true}]}}