{"id":551,"date":"2025-12-18T14:43:20","date_gmt":"2025-12-18T14:43:20","guid":{"rendered":"https:\/\/almazara.proclubagency.com\/?page_id=551"},"modified":"2026-02-11T19:41:48","modified_gmt":"2026-02-11T19:41:48","slug":"aceites","status":"publish","type":"page","link":"https:\/\/almazara.ch\/de\/aceites\/","title":{"rendered":"\u00d6le"},"content":{"rendered":"<div data-elementor-type=\"wp-page\" data-elementor-id=\"551\" class=\"elementor elementor-551\" data-elementor-post-type=\"page\">\n\t\t\t\t<div class=\"elementor-element elementor-element-8fa75e9 e-flex e-con-boxed e-con e-parent\" data-id=\"8fa75e9\" data-element_type=\"container\" data-e-type=\"container\" data-settings=\"{&quot;background_background&quot;:&quot;classic&quot;}\">\n\t\t\t\t\t<div class=\"e-con-inner\">\n\t\t<div class=\"elementor-element elementor-element-d6431cc e-con-full e-flex e-con e-child\" data-id=\"d6431cc\" data-element_type=\"container\" data-e-type=\"container\">\n\t\t\t\t<div class=\"elementor-element elementor-element-725f155 elementor-widget elementor-widget-heading\" data-id=\"725f155\" data-element_type=\"widget\" data-e-type=\"widget\" data-widget_type=\"heading.default\">\n\t\t\t\t\t<h2 class=\"elementor-heading-title elementor-size-default\">NATIVES OLIVEN\u00d6L EXTRA<\/h2>\t\t\t\t<\/div>\n\t\t\t\t<div class=\"elementor-element elementor-element-014b370 elementor-widget elementor-widget-heading\" data-id=\"014b370\" data-element_type=\"widget\" data-e-type=\"widget\" data-widget_type=\"heading.default\">\n\t\t\t\t\t<h2 class=\"elementor-heading-title elementor-size-default\">Qualit\u00e4t, Exquisitheit und Exklusivit\u00e4t<\/h2>\t\t\t\t<\/div>\n\t\t\t\t<div class=\"elementor-element elementor-element-4dc7145 elementor-align-center elementor-widget elementor-widget-button\" data-id=\"4dc7145\" data-element_type=\"widget\" data-e-type=\"widget\" data-widget_type=\"button.default\">\n\t\t\t\t\t\t\t\t\t\t<a class=\"elementor-button elementor-button-link elementor-size-sm\" href=\"https:\/\/api.whatsapp.com\/send?phone=+41767927504&#038;text=Hello,%20how%20are%20you?%20I%E2%80%99m%20interested%20in%20purchasing%20Almazara%E2%80%99s%20products.\">\n\t\t\t\t\t\t<span class=\"elementor-button-content-wrapper\">\n\t\t\t\t\t\t\t\t\t<span class=\"elementor-button-text\">EINEN VERKAUFSBERATER KONTAKTIEREN<\/span>\n\t\t\t\t\t<\/span>\n\t\t\t\t\t<\/a>\n\t\t\t\t\t\t\t\t<\/div>\n\t\t\t\t<\/div>\n\t\t\t\t<div class=\"elementor-element elementor-element-8aa153c elementor-widget elementor-widget-image\" data-id=\"8aa153c\" data-element_type=\"widget\" data-e-type=\"widget\" data-widget_type=\"image.default\">\n\t\t\t\t\t\t\t\t\t\t\t\t\t\t\t<img fetchpriority=\"high\" decoding=\"async\" width=\"500\" height=\"400\" src=\"https:\/\/almazara.ch\/wp-content\/uploads\/2026\/01\/Aceita-de-oliva.webp\" class=\"attachment-large size-large wp-image-1053\" alt=\"\" srcset=\"https:\/\/almazara.ch\/wp-content\/uploads\/2026\/01\/Aceita-de-oliva.webp 500w, https:\/\/almazara.ch\/wp-content\/uploads\/2026\/01\/Aceita-de-oliva-300x240.webp 300w\" sizes=\"(max-width: 500px) 100vw, 500px\" \/>\t\t\t\t\t\t\t\t\t\t\t\t\t\t\t<\/div>\n\t\t\t\t\t<\/div>\n\t\t\t\t<\/div>\n\t\t<div class=\"elementor-element elementor-element-3024936 e-flex e-con-boxed e-con e-parent\" data-id=\"3024936\" data-element_type=\"container\" data-e-type=\"container\" data-settings=\"{&quot;background_background&quot;:&quot;classic&quot;}\">\n\t\t\t\t\t<div class=\"e-con-inner\">\n\t\t<div class=\"elementor-element elementor-element-0f292c8 e-con-full e-flex e-con e-child\" data-id=\"0f292c8\" data-element_type=\"container\" data-e-type=\"container\">\n\t\t\t\t<div class=\"elementor-element elementor-element-b01a650 elementor-widget elementor-widget-heading\" data-id=\"b01a650\" data-element_type=\"widget\" data-e-type=\"widget\" data-widget_type=\"heading.default\">\n\t\t\t\t\t<h2 class=\"elementor-heading-title elementor-size-default\">\u00dcber uns<\/h2>\t\t\t\t<\/div>\n\t\t\t\t<div class=\"elementor-element elementor-element-8622f44 elementor-widget__width-initial elementor-widget elementor-widget-text-editor\" data-id=\"8622f44\" data-element_type=\"widget\" data-e-type=\"widget\" data-widget_type=\"text-editor.default\">\n\t\t\t\t\t\t\t\t\t<p><span style=\"color: #e6ad00;\"><strong>Unsere Philosophie ist klar: <\/strong><strong>\u201dDu bist, was du isst.\u201d<\/strong><\/span><br \/>Deshalb bieten wir nur Produkte an, die das Beste der spanischen Gastronomiekultur repr\u00e4sentieren. Einer unserer wesentlichen Werte ist die N\u00e4he. Wir haben in der Schweiz ein weitreichendes Netzwerk privater Kunden aufgebaut \u2013 dank eines direkten und pers\u00f6nlichen Umgangs. Unser Vertriebsteam arbeitet stets in erster Person: Es besucht unsere Kunden, ber\u00e4t, empfiehlt und begleitet jede Bestellung mit der Sorgfalt, die ein Produkt dieser Kategorie verdient.<\/p><p><span style=\"color: #e6ad00;\"><strong>Mehr als Verkaufen geht es uns darum, Beziehungen aufzubauen.<\/strong><\/span><br \/>Wir glauben, dass die spanische Gastronomie, wenn sie mit Sorgfalt und Leidenschaft pr\u00e4sentiert wird, f\u00fcr sich selbst spricht.<br \/>Willkommen bei Almazara: authentischer spanischer Geschmack und ein Service, der so menschlich ist wie unsere Wurzeln.<\/p>\t\t\t\t\t\t\t\t<\/div>\n\t\t\t\t<\/div>\n\t\t<div class=\"elementor-element elementor-element-8658827 e-con-full e-flex e-con e-child\" data-id=\"8658827\" data-element_type=\"container\" data-e-type=\"container\" data-settings=\"{&quot;background_background&quot;:&quot;classic&quot;}\">\n\t\t\t\t<div class=\"elementor-element elementor-element-b6379e3 elementor-widget elementor-widget-image\" data-id=\"b6379e3\" data-element_type=\"widget\" data-e-type=\"widget\" data-widget_type=\"image.default\">\n\t\t\t\t\t\t\t\t\t\t\t\t\t\t\t<img decoding=\"async\" width=\"682\" height=\"1024\" src=\"https:\/\/almazara.ch\/wp-content\/uploads\/2025\/12\/WhatsApp-Image-2025-11-04-at-18.06.48-3-682x1024.webp\" class=\"attachment-large size-large wp-image-171\" alt=\"\" srcset=\"https:\/\/almazara.ch\/wp-content\/uploads\/2025\/12\/WhatsApp-Image-2025-11-04-at-18.06.48-3-682x1024.webp 682w, https:\/\/almazara.ch\/wp-content\/uploads\/2025\/12\/WhatsApp-Image-2025-11-04-at-18.06.48-3-200x300.webp 200w, https:\/\/almazara.ch\/wp-content\/uploads\/2025\/12\/WhatsApp-Image-2025-11-04-at-18.06.48-3-768x1153.webp 768w, https:\/\/almazara.ch\/wp-content\/uploads\/2025\/12\/WhatsApp-Image-2025-11-04-at-18.06.48-3-1023x1536.webp 1023w, https:\/\/almazara.ch\/wp-content\/uploads\/2025\/12\/WhatsApp-Image-2025-11-04-at-18.06.48-3.webp 1066w\" sizes=\"(max-width: 682px) 100vw, 682px\" \/>\t\t\t\t\t\t\t\t\t\t\t\t\t\t\t<\/div>\n\t\t\t\t<\/div>\n\t\t\t\t\t<\/div>\n\t\t\t\t<\/div>\n\t\t<div class=\"elementor-element elementor-element-ec19379 e-flex e-con-boxed e-con e-parent\" data-id=\"ec19379\" data-element_type=\"container\" data-e-type=\"container\" data-settings=\"{&quot;background_background&quot;:&quot;classic&quot;}\">\n\t\t\t\t\t<div class=\"e-con-inner\">\n\t\t\t\t\t<\/div>\n\t\t\t\t<\/div>\n\t\t<div class=\"elementor-element elementor-element-4b8dd73 e-flex e-con-boxed e-con e-parent\" data-id=\"4b8dd73\" data-element_type=\"container\" data-e-type=\"container\" data-settings=\"{&quot;background_background&quot;:&quot;classic&quot;}\">\n\t\t\t\t\t<div class=\"e-con-inner\">\n\t\t<div class=\"elementor-element elementor-element-720fe71 e-con-full e-flex e-con e-child\" data-id=\"720fe71\" data-element_type=\"container\" data-e-type=\"container\">\n\t\t\t\t<div class=\"elementor-element elementor-element-f835d86 elementor-widget elementor-widget-heading\" data-id=\"f835d86\" data-element_type=\"widget\" data-e-type=\"widget\" data-widget_type=\"heading.default\">\n\t\t\t\t\t<h2 class=\"elementor-heading-title elementor-size-default\">Herstellungsprozess<\/h2>\t\t\t\t<\/div>\n\t\t<div class=\"elementor-element elementor-element-61ff175 e-con-full e-grid e-con e-child\" data-id=\"61ff175\" data-element_type=\"container\" data-e-type=\"container\">\n\t\t\t\t<div class=\"elementor-element elementor-element-dc5719b elementor-position-top elementor-widget elementor-widget-image-box\" data-id=\"dc5719b\" data-element_type=\"widget\" data-e-type=\"widget\" data-widget_type=\"image-box.default\">\n\t\t\t\t\t<div class=\"elementor-image-box-wrapper\"><figure class=\"elementor-image-box-img\"><img decoding=\"async\" width=\"450\" height=\"450\" src=\"https:\/\/almazara.ch\/wp-content\/uploads\/2026\/01\/Cosecha.webp\" class=\"attachment-full size-full wp-image-1040\" alt=\"\" srcset=\"https:\/\/almazara.ch\/wp-content\/uploads\/2026\/01\/Cosecha.webp 450w, https:\/\/almazara.ch\/wp-content\/uploads\/2026\/01\/Cosecha-300x300.webp 300w, https:\/\/almazara.ch\/wp-content\/uploads\/2026\/01\/Cosecha-150x150.webp 150w\" sizes=\"(max-width: 450px) 100vw, 450px\" \/><\/figure><div class=\"elementor-image-box-content\"><h3 class=\"elementor-image-box-title\">1. Ernte<\/h3><p class=\"elementor-image-box-description\">Die Oliven werden zum optimalen Reifezeitpunkt geerntet. Der Umgang mit den Fr\u00fcchten erfolgt schonend, um Sto\u00dfsch\u00e4den zu vermeiden und Aromen, Frische sowie nat\u00fcrliche Eigenschaften zu bewahren.<\/p><\/div><\/div>\t\t\t\t<\/div>\n\t\t\t\t<div class=\"elementor-element elementor-element-3253d7e elementor-position-top elementor-widget elementor-widget-image-box\" data-id=\"3253d7e\" data-element_type=\"widget\" data-e-type=\"widget\" data-widget_type=\"image-box.default\">\n\t\t\t\t\t<div class=\"elementor-image-box-wrapper\"><figure class=\"elementor-image-box-img\"><img loading=\"lazy\" decoding=\"async\" width=\"450\" height=\"450\" src=\"https:\/\/almazara.ch\/wp-content\/uploads\/2026\/01\/Molienda.webp\" class=\"attachment-full size-full wp-image-1039\" alt=\"\" srcset=\"https:\/\/almazara.ch\/wp-content\/uploads\/2026\/01\/Molienda.webp 450w, https:\/\/almazara.ch\/wp-content\/uploads\/2026\/01\/Molienda-300x300.webp 300w, https:\/\/almazara.ch\/wp-content\/uploads\/2026\/01\/Molienda-150x150.webp 150w\" sizes=\"(max-width: 450px) 100vw, 450px\" \/><\/figure><div class=\"elementor-image-box-content\"><h3 class=\"elementor-image-box-title\">2. Mahlen<\/h3><p class=\"elementor-image-box-description\">Die Oliven werden wenige Stunden nach der Ernte gemahlen. Es entsteht eine homogene Paste aus Fruchtfleisch, Schale und Kern \u2014 die Grundlage des k\u00fcnftigen \u00d6ls.<\/p><\/div><\/div>\t\t\t\t<\/div>\n\t\t\t\t<div class=\"elementor-element elementor-element-259cfc0 elementor-position-top elementor-widget elementor-widget-image-box\" data-id=\"259cfc0\" data-element_type=\"widget\" data-e-type=\"widget\" data-widget_type=\"image-box.default\">\n\t\t\t\t\t<div class=\"elementor-image-box-wrapper\"><figure class=\"elementor-image-box-img\"><img loading=\"lazy\" decoding=\"async\" width=\"450\" height=\"450\" src=\"https:\/\/almazara.ch\/wp-content\/uploads\/2026\/01\/Extraccion-en-Frio.webp\" class=\"attachment-full size-full wp-image-1037\" alt=\"\" srcset=\"https:\/\/almazara.ch\/wp-content\/uploads\/2026\/01\/Extraccion-en-Frio.webp 450w, https:\/\/almazara.ch\/wp-content\/uploads\/2026\/01\/Extraccion-en-Frio-300x300.webp 300w, https:\/\/almazara.ch\/wp-content\/uploads\/2026\/01\/Extraccion-en-Frio-150x150.webp 150w\" sizes=\"(max-width: 450px) 100vw, 450px\" \/><\/figure><div class=\"elementor-image-box-content\"><h3 class=\"elementor-image-box-title\">3. Kaltextraktion<\/h3><p class=\"elementor-image-box-description\">Die Paste wird sanft geknetet und kalt zentrifugiert. So wird das \u00d6l ohne W\u00e4rme gewonnen, wodurch Geschmack, Aroma und N\u00e4hrwert vollst\u00e4ndig erhalten bleiben.<\/p><\/div><\/div>\t\t\t\t<\/div>\n\t\t\t\t<div class=\"elementor-element elementor-element-0680063 elementor-position-top elementor-widget elementor-widget-image-box\" data-id=\"0680063\" data-element_type=\"widget\" data-e-type=\"widget\" data-widget_type=\"image-box.default\">\n\t\t\t\t\t<div class=\"elementor-image-box-wrapper\"><figure class=\"elementor-image-box-img\"><img loading=\"lazy\" decoding=\"async\" width=\"450\" height=\"450\" src=\"https:\/\/almazara.ch\/wp-content\/uploads\/2026\/01\/Etiquetado.webp\" class=\"attachment-full size-full wp-image-1038\" alt=\"\" srcset=\"https:\/\/almazara.ch\/wp-content\/uploads\/2026\/01\/Etiquetado.webp 450w, https:\/\/almazara.ch\/wp-content\/uploads\/2026\/01\/Etiquetado-300x300.webp 300w, https:\/\/almazara.ch\/wp-content\/uploads\/2026\/01\/Etiquetado-150x150.webp 150w\" sizes=\"(max-width: 450px) 100vw, 450px\" \/><\/figure><div class=\"elementor-image-box-content\"><h3 class=\"elementor-image-box-title\">4. Abf\u00fcllung<\/h3><p class=\"elementor-image-box-description\">Das \u00d6l ruht, wird von Tr\u00fcbstoffen befreit und sorgf\u00e4ltig abgef\u00fcllt. Das Ergebnis ist ein reines, ausgewogenes natives Oliven\u00f6l extra, das seinem mediterranen Ursprung treu bleibt.<\/p><\/div><\/div>\t\t\t\t<\/div>\n\t\t\t\t<\/div>\n\t\t\t\t<div class=\"elementor-element elementor-element-772a841 elementor-widget-mobile__width-initial elementor-hidden-desktop elementor-hidden-laptop elementor-hidden-tablet elementor-widget elementor-widget-image\" data-id=\"772a841\" data-element_type=\"widget\" data-e-type=\"widget\" data-widget_type=\"image.default\">\n\t\t\t\t\t\t\t\t\t\t\t\t\t\t\t<img loading=\"lazy\" decoding=\"async\" width=\"800\" height=\"334\" src=\"https:\/\/almazara.ch\/wp-content\/uploads\/2026\/01\/Aceite-1024x427.webp\" class=\"attachment-large size-large wp-image-1032\" alt=\"\" srcset=\"https:\/\/almazara.ch\/wp-content\/uploads\/2026\/01\/Aceite-1024x427.webp 1024w, https:\/\/almazara.ch\/wp-content\/uploads\/2026\/01\/Aceite-300x125.webp 300w, https:\/\/almazara.ch\/wp-content\/uploads\/2026\/01\/Aceite-768x320.webp 768w, https:\/\/almazara.ch\/wp-content\/uploads\/2026\/01\/Aceite-1536x640.webp 1536w, https:\/\/almazara.ch\/wp-content\/uploads\/2026\/01\/Aceite.webp 1920w\" sizes=\"(max-width: 800px) 100vw, 800px\" \/>\t\t\t\t\t\t\t\t\t\t\t\t\t\t\t<\/div>\n\t\t\t\t<\/div>\n\t\t<div class=\"elementor-element elementor-element-8853df5 e-con-full elementor-hidden-tablet e-flex e-con e-child\" data-id=\"8853df5\" data-element_type=\"container\" data-e-type=\"container\" data-settings=\"{&quot;background_background&quot;:&quot;classic&quot;}\">\n\t\t\t\t<\/div>\n\t\t\t\t\t<\/div>\n\t\t\t\t<\/div>\n\t\t<div class=\"elementor-element elementor-element-73afb3a e-flex e-con-boxed e-con e-parent\" data-id=\"73afb3a\" data-element_type=\"container\" data-e-type=\"container\" data-settings=\"{&quot;background_background&quot;:&quot;classic&quot;}\">\n\t\t\t\t\t<div class=\"e-con-inner\">\n\t\t\t\t<div class=\"elementor-element elementor-element-2906028 elementor-widget elementor-widget-heading\" data-id=\"2906028\" data-element_type=\"widget\" data-e-type=\"widget\" data-widget_type=\"heading.default\">\n\t\t\t\t\t<h2 class=\"elementor-heading-title elementor-size-default\">Unsere Produkte erwerben<\/h2>\t\t\t\t<\/div>\n\t\t\t\t<div class=\"elementor-element elementor-element-7fea5dd elementor-widget__width-initial elementor-widget-mobile__width-inherit elementor-widget elementor-widget-heading\" data-id=\"7fea5dd\" data-element_type=\"widget\" data-e-type=\"widget\" data-widget_type=\"heading.default\">\n\t\t\t\t\t<h2 class=\"elementor-heading-title elementor-size-default\">Jedes Produkt wird im direkten Gespr\u00e4ch mit unserer Vertreterin reserviert. Ein privater, pers\u00f6nlicher und vollst\u00e4ndig exklusiver Service.<\/h2>\t\t\t\t<\/div>\n\t\t\t\t<div class=\"elementor-element elementor-element-7584fe4 elementor-align-center elementor-widget elementor-widget-button\" data-id=\"7584fe4\" data-element_type=\"widget\" data-e-type=\"widget\" data-widget_type=\"button.default\">\n\t\t\t\t\t\t\t\t\t\t<a class=\"elementor-button elementor-button-link elementor-size-sm\" href=\"https:\/\/api.whatsapp.com\/send?phone=+41767927504&#038;text=Hello,%20how%20are%20you?%20I%E2%80%99m%20interested%20in%20purchasing%20Almazara%E2%80%99s%20products.\">\n\t\t\t\t\t\t<span class=\"elementor-button-content-wrapper\">\n\t\t\t\t\t\t\t\t\t<span class=\"elementor-button-text\">EINEN VERKAUFSBERATER KONTAKTIEREN<\/span>\n\t\t\t\t\t<\/span>\n\t\t\t\t\t<\/a>\n\t\t\t\t\t\t\t\t<\/div>\n\t\t\t\t\t<\/div>\n\t\t\t\t<\/div>\n\t\t\t\t<\/div>","protected":false},"excerpt":{"rendered":"<p>ACEITE DE OLIVA VIRGEN EXTRA Calidad, exquisitez y exclusividad CONTACTAR CON UN AGENTE DE VENTAS Sobre Nosotros Nuestra filosof\u00eda es clara: \u201cEres lo que comes.\u201dPor eso solo ofrecemos productos que representan lo mejor de la cultura espa\u00f1ola en la gastron\u00f3mia. Uno de nuestros valores esenciales es la cercan\u00eda. Hemos construido una amplia red de clientes [&hellip;]<\/p>\n","protected":false},"author":1,"featured_media":0,"parent":0,"menu_order":0,"comment_status":"closed","ping_status":"closed","template":"","meta":{"footnotes":""},"class_list":["post-551","page","type-page","status-publish","hentry"],"_hostinger_reach_plugin_has_subscription_block":false,"_hostinger_reach_plugin_is_elementor":false,"_links":{"self":[{"href":"https:\/\/almazara.ch\/de\/wp-json\/wp\/v2\/pages\/551","targetHints":{"allow":["GET"]}}],"collection":[{"href":"https:\/\/almazara.ch\/de\/wp-json\/wp\/v2\/pages"}],"about":[{"href":"https:\/\/almazara.ch\/de\/wp-json\/wp\/v2\/types\/page"}],"author":[{"embeddable":true,"href":"https:\/\/almazara.ch\/de\/wp-json\/wp\/v2\/users\/1"}],"replies":[{"embeddable":true,"href":"https:\/\/almazara.ch\/de\/wp-json\/wp\/v2\/comments?post=551"}],"version-history":[{"count":148,"href":"https:\/\/almazara.ch\/de\/wp-json\/wp\/v2\/pages\/551\/revisions"}],"predecessor-version":[{"id":1243,"href":"https:\/\/almazara.ch\/de\/wp-json\/wp\/v2\/pages\/551\/revisions\/1243"}],"wp:attachment":[{"href":"https:\/\/almazara.ch\/de\/wp-json\/wp\/v2\/media?parent=551"}],"curies":[{"name":"wp","href":"https:\/\/api.w.org\/{rel}","templated":true}]}}