{"id":549,"date":"2025-12-18T14:43:11","date_gmt":"2025-12-18T14:43:11","guid":{"rendered":"https:\/\/almazara.proclubagency.com\/?page_id=549"},"modified":"2026-02-11T19:33:24","modified_gmt":"2026-02-11T19:33:24","slug":"jamones","status":"publish","type":"page","link":"https:\/\/almazara.ch\/de\/jamones\/","title":{"rendered":"Schinken"},"content":{"rendered":"<div data-elementor-type=\"wp-page\" data-elementor-id=\"549\" class=\"elementor elementor-549\" data-elementor-post-type=\"page\">\n\t\t\t\t<div class=\"elementor-element elementor-element-21d0a5c e-flex e-con-boxed e-con e-parent\" data-id=\"21d0a5c\" data-element_type=\"container\" data-e-type=\"container\" data-settings=\"{&quot;background_background&quot;:&quot;classic&quot;}\">\n\t\t\t\t\t<div class=\"e-con-inner\">\n\t\t<div class=\"elementor-element elementor-element-2351ced e-con-full e-flex e-con e-child\" data-id=\"2351ced\" data-element_type=\"container\" data-e-type=\"container\">\n\t\t\t\t<div class=\"elementor-element elementor-element-46a5e21 elementor-widget elementor-widget-heading\" data-id=\"46a5e21\" data-element_type=\"widget\" data-e-type=\"widget\" data-widget_type=\"heading.default\">\n\t\t\t\t\t<h2 class=\"elementor-heading-title elementor-size-default\">100\u00a0% IBERISCHER SCHINKEN<\/h2>\t\t\t\t<\/div>\n\t\t\t\t<div class=\"elementor-element elementor-element-e9ec479 elementor-widget elementor-widget-heading\" data-id=\"e9ec479\" data-element_type=\"widget\" data-e-type=\"widget\" data-widget_type=\"heading.default\">\n\t\t\t\t\t<h2 class=\"elementor-heading-title elementor-size-default\">Langsame Reifung und absolute Achtung vor dem Prozess\n<\/h2>\t\t\t\t<\/div>\n\t\t\t\t<div class=\"elementor-element elementor-element-922fafe elementor-align-center elementor-widget elementor-widget-button\" data-id=\"922fafe\" data-element_type=\"widget\" data-e-type=\"widget\" data-widget_type=\"button.default\">\n\t\t\t\t\t\t\t\t\t\t<a class=\"elementor-button elementor-button-link elementor-size-sm\" href=\"https:\/\/api.whatsapp.com\/send?phone=+41767927504&#038;text=Hello,%20how%20are%20you?%20I%E2%80%99m%20interested%20in%20purchasing%20Almazara%E2%80%99s%20products.\">\n\t\t\t\t\t\t<span class=\"elementor-button-content-wrapper\">\n\t\t\t\t\t\t\t\t\t<span class=\"elementor-button-text\">EINEN VERKAUFSBERATER KONTAKTIEREN<\/span>\n\t\t\t\t\t<\/span>\n\t\t\t\t\t<\/a>\n\t\t\t\t\t\t\t\t<\/div>\n\t\t\t\t<\/div>\n\t\t\t\t<div class=\"elementor-element elementor-element-e228049 elementor-widget elementor-widget-image\" data-id=\"e228049\" data-element_type=\"widget\" data-e-type=\"widget\" data-widget_type=\"image.default\">\n\t\t\t\t\t\t\t\t\t\t\t\t\t\t\t<img fetchpriority=\"high\" decoding=\"async\" width=\"500\" height=\"400\" src=\"https:\/\/almazara.ch\/wp-content\/uploads\/2026\/01\/Pata-de-Jamon.webp\" class=\"attachment-large size-large wp-image-1136\" alt=\"\" srcset=\"https:\/\/almazara.ch\/wp-content\/uploads\/2026\/01\/Pata-de-Jamon.webp 500w, https:\/\/almazara.ch\/wp-content\/uploads\/2026\/01\/Pata-de-Jamon-300x240.webp 300w\" sizes=\"(max-width: 500px) 100vw, 500px\" \/>\t\t\t\t\t\t\t\t\t\t\t\t\t\t\t<\/div>\n\t\t\t\t\t<\/div>\n\t\t\t\t<\/div>\n\t\t<div class=\"elementor-element elementor-element-b398294 e-flex e-con-boxed e-con e-parent\" data-id=\"b398294\" data-element_type=\"container\" data-e-type=\"container\" data-settings=\"{&quot;background_background&quot;:&quot;classic&quot;}\">\n\t\t\t\t\t<div class=\"e-con-inner\">\n\t\t<div class=\"elementor-element elementor-element-85923dd e-con-full e-flex e-con e-child\" data-id=\"85923dd\" data-element_type=\"container\" data-e-type=\"container\">\n\t\t\t\t<div class=\"elementor-element elementor-element-7f91ee6 elementor-widget elementor-widget-heading\" data-id=\"7f91ee6\" data-element_type=\"widget\" data-e-type=\"widget\" data-widget_type=\"heading.default\">\n\t\t\t\t\t<h2 class=\"elementor-heading-title elementor-size-default\">\u00dcber uns<\/h2>\t\t\t\t<\/div>\n\t\t\t\t<div class=\"elementor-element elementor-element-fa49a7f elementor-widget__width-initial elementor-widget elementor-widget-text-editor\" data-id=\"fa49a7f\" data-element_type=\"widget\" data-e-type=\"widget\" data-widget_type=\"text-editor.default\">\n\t\t\t\t\t\t\t\t\t<p><span style=\"color: #e6ad00;\"><strong>Unsere Philosophie ist klar: <\/strong><strong>\u201dDu bist, was du isst.\u201d<\/strong><\/span><br \/>Deshalb bieten wir nur Produkte an, die das Beste der spanischen Gastronomiekultur repr\u00e4sentieren. Einer unserer wesentlichen Werte ist die N\u00e4he. Wir haben in der Schweiz ein weitreichendes Netzwerk privater Kunden aufgebaut \u2013 dank eines direkten und pers\u00f6nlichen Umgangs. Unser Vertriebsteam arbeitet stets in erster Person: Es besucht unsere Kunden, ber\u00e4t, empfiehlt und begleitet jede Bestellung mit der Sorgfalt, die ein Produkt dieser Kategorie verdient.<\/p><p><span style=\"color: #e6ad00;\"><strong>Mehr als Verkaufen geht es uns darum, Beziehungen aufzubauen.<\/strong><\/span><br \/>Wir glauben, dass die spanische Gastronomie, wenn sie mit Sorgfalt und Leidenschaft pr\u00e4sentiert wird, f\u00fcr sich selbst spricht.<br \/>Willkommen bei Almazara: authentischer spanischer Geschmack und ein Service, der so menschlich ist wie unsere Wurzeln.<\/p>\t\t\t\t\t\t\t\t<\/div>\n\t\t\t\t<\/div>\n\t\t<div class=\"elementor-element elementor-element-33d7786 e-con-full e-flex e-con e-child\" data-id=\"33d7786\" data-element_type=\"container\" data-e-type=\"container\" data-settings=\"{&quot;background_background&quot;:&quot;classic&quot;}\">\n\t\t\t\t<div class=\"elementor-element elementor-element-f204915 elementor-widget elementor-widget-image\" data-id=\"f204915\" data-element_type=\"widget\" data-e-type=\"widget\" data-widget_type=\"image.default\">\n\t\t\t\t\t\t\t\t\t\t\t\t\t\t\t<img decoding=\"async\" width=\"500\" height=\"400\" src=\"https:\/\/almazara.ch\/wp-content\/uploads\/2026\/01\/Diseno-sin-titulo-8.webp\" class=\"attachment-large size-large wp-image-1087\" alt=\"\" srcset=\"https:\/\/almazara.ch\/wp-content\/uploads\/2026\/01\/Diseno-sin-titulo-8.webp 500w, https:\/\/almazara.ch\/wp-content\/uploads\/2026\/01\/Diseno-sin-titulo-8-300x240.webp 300w\" sizes=\"(max-width: 500px) 100vw, 500px\" \/>\t\t\t\t\t\t\t\t\t\t\t\t\t\t\t<\/div>\n\t\t\t\t<\/div>\n\t\t\t\t\t<\/div>\n\t\t\t\t<\/div>\n\t\t<div class=\"elementor-element elementor-element-eaae25b e-flex e-con-boxed e-con e-parent\" data-id=\"eaae25b\" data-element_type=\"container\" data-e-type=\"container\" data-settings=\"{&quot;background_background&quot;:&quot;classic&quot;}\">\n\t\t\t\t\t<div class=\"e-con-inner\">\n\t\t\t\t\t<\/div>\n\t\t\t\t<\/div>\n\t\t<div class=\"elementor-element elementor-element-f31546c e-flex e-con-boxed e-con e-parent\" data-id=\"f31546c\" data-element_type=\"container\" data-e-type=\"container\" data-settings=\"{&quot;background_background&quot;:&quot;classic&quot;}\">\n\t\t\t\t\t<div class=\"e-con-inner\">\n\t\t<div class=\"elementor-element elementor-element-43a5902 e-con-full e-flex e-con e-child\" data-id=\"43a5902\" data-element_type=\"container\" data-e-type=\"container\">\n\t\t\t\t<div class=\"elementor-element elementor-element-1278098 elementor-widget elementor-widget-heading\" data-id=\"1278098\" data-element_type=\"widget\" data-e-type=\"widget\" data-widget_type=\"heading.default\">\n\t\t\t\t\t<h2 class=\"elementor-heading-title elementor-size-default\">Herstellungsprozess\n<\/h2>\t\t\t\t<\/div>\n\t\t<div class=\"elementor-element elementor-element-e4e7b40 e-con-full e-flex e-con e-child\" data-id=\"e4e7b40\" data-element_type=\"container\" data-e-type=\"container\">\n\t\t\t\t<div class=\"elementor-element elementor-element-62042fd elementor-widget__width-initial elementor-position-top elementor-widget elementor-widget-image-box\" data-id=\"62042fd\" data-element_type=\"widget\" data-e-type=\"widget\" data-widget_type=\"image-box.default\">\n\t\t\t\t\t<div class=\"elementor-image-box-wrapper\"><figure class=\"elementor-image-box-img\"><img decoding=\"async\" width=\"450\" height=\"450\" src=\"https:\/\/almazara.ch\/wp-content\/uploads\/2026\/01\/Crianza.webp\" class=\"attachment-full size-full wp-image-1144\" alt=\"\" srcset=\"https:\/\/almazara.ch\/wp-content\/uploads\/2026\/01\/Crianza.webp 450w, https:\/\/almazara.ch\/wp-content\/uploads\/2026\/01\/Crianza-300x300.webp 300w, https:\/\/almazara.ch\/wp-content\/uploads\/2026\/01\/Crianza-150x150.webp 150w\" sizes=\"(max-width: 450px) 100vw, 450px\" \/><\/figure><div class=\"elementor-image-box-content\"><h3 class=\"elementor-image-box-title\">1. Aufzucht<\/h3><p class=\"elementor-image-box-description\">Iberische Schweine leben frei in der Dehesa und ern\u00e4hren sich von Eicheln, Gras und Wildkr\u00e4utern. Diese Phase bestimmt die endg\u00fcltige Qualit\u00e4t des Schinkens und die nat\u00fcrliche Fettmarmorierung im Fleisch.<\/p><\/div><\/div>\t\t\t\t<\/div>\n\t\t\t\t<div class=\"elementor-element elementor-element-9a4847d elementor-widget__width-initial elementor-position-top elementor-widget elementor-widget-image-box\" data-id=\"9a4847d\" data-element_type=\"widget\" data-e-type=\"widget\" data-widget_type=\"image-box.default\">\n\t\t\t\t\t<div class=\"elementor-image-box-wrapper\"><figure class=\"elementor-image-box-img\"><img loading=\"lazy\" decoding=\"async\" width=\"450\" height=\"450\" src=\"https:\/\/almazara.ch\/wp-content\/uploads\/2026\/01\/SELECCION.webp\" class=\"attachment-full size-full wp-image-1143\" alt=\"\" srcset=\"https:\/\/almazara.ch\/wp-content\/uploads\/2026\/01\/SELECCION.webp 450w, https:\/\/almazara.ch\/wp-content\/uploads\/2026\/01\/SELECCION-300x300.webp 300w, https:\/\/almazara.ch\/wp-content\/uploads\/2026\/01\/SELECCION-150x150.webp 150w\" sizes=\"(max-width: 450px) 100vw, 450px\" \/><\/figure><div class=\"elementor-image-box-content\"><h3 class=\"elementor-image-box-title\">2. Schlachtung und Auswahl<\/h3><p class=\"elementor-image-box-description\">Die Schweine werden im Alter von etwa 21 Monaten geschlachtet. Die Hinterkeulen, sogenannte Perniles, werden sorgf\u00e4ltig ausgew\u00e4hlt und ausschlie\u00dflich f\u00fcr die Herstellung von iberischem Schinken verwendet.<\/p><\/div><\/div>\t\t\t\t<\/div>\n\t\t\t\t<div class=\"elementor-element elementor-element-338cb9f elementor-widget__width-initial elementor-position-top elementor-widget elementor-widget-image-box\" data-id=\"338cb9f\" data-element_type=\"widget\" data-e-type=\"widget\" data-widget_type=\"image-box.default\">\n\t\t\t\t\t<div class=\"elementor-image-box-wrapper\"><figure class=\"elementor-image-box-img\"><img loading=\"lazy\" decoding=\"async\" width=\"450\" height=\"450\" src=\"https:\/\/almazara.ch\/wp-content\/uploads\/2026\/01\/SALAZON.webp\" class=\"attachment-full size-full wp-image-1142\" alt=\"\" srcset=\"https:\/\/almazara.ch\/wp-content\/uploads\/2026\/01\/SALAZON.webp 450w, https:\/\/almazara.ch\/wp-content\/uploads\/2026\/01\/SALAZON-300x300.webp 300w, https:\/\/almazara.ch\/wp-content\/uploads\/2026\/01\/SALAZON-150x150.webp 150w\" sizes=\"(max-width: 450px) 100vw, 450px\" \/><\/figure><div class=\"elementor-image-box-content\"><h3 class=\"elementor-image-box-title\">3. Einp\u00f6keln<\/h3><p class=\"elementor-image-box-description\">Die St\u00fccke werden vollst\u00e4ndig mit Meersalz bedeckt und 15 bis 20 Tage lang \u2014 oder einen Tag pro Kilogramm K\u00f6rpergewicht \u2014 gestapelt. Dies entzieht dem Fleisch Feuchtigkeit und verst\u00e4rkt seinen charakteristischen Geschmack.<\/p><\/div><\/div>\t\t\t\t<\/div>\n\t\t\t\t<\/div>\n\t\t<div class=\"elementor-element elementor-element-6b0211c e-con-full e-flex e-con e-child\" data-id=\"6b0211c\" data-element_type=\"container\" data-e-type=\"container\">\n\t\t\t\t<div class=\"elementor-element elementor-element-b5d5be3 elementor-widget__width-initial elementor-position-top elementor-widget elementor-widget-image-box\" data-id=\"b5d5be3\" data-element_type=\"widget\" data-e-type=\"widget\" data-widget_type=\"image-box.default\">\n\t\t\t\t\t<div class=\"elementor-image-box-wrapper\"><figure class=\"elementor-image-box-img\"><img loading=\"lazy\" decoding=\"async\" width=\"450\" height=\"450\" src=\"https:\/\/almazara.ch\/wp-content\/uploads\/2026\/01\/LAVADO.webp\" class=\"attachment-full size-full wp-image-1141\" alt=\"\" srcset=\"https:\/\/almazara.ch\/wp-content\/uploads\/2026\/01\/LAVADO.webp 450w, https:\/\/almazara.ch\/wp-content\/uploads\/2026\/01\/LAVADO-300x300.webp 300w, https:\/\/almazara.ch\/wp-content\/uploads\/2026\/01\/LAVADO-150x150.webp 150w\" sizes=\"(max-width: 450px) 100vw, 450px\" \/><\/figure><div class=\"elementor-image-box-content\"><h3 class=\"elementor-image-box-title\">4. Waschen und Ablagern<\/h3><p class=\"elementor-image-box-description\">Nach dem Einp\u00f6keln werden die St\u00fccke sorgf\u00e4ltig gewaschen, um \u00fcbersch\u00fcssiges Salz zu entfernen, und ruhen anschlie\u00dfend etwa 30 bis 90 Tage in kontrollierten Ablagerkammern.<\/p><\/div><\/div>\t\t\t\t<\/div>\n\t\t\t\t<div class=\"elementor-element elementor-element-81e34ea elementor-widget__width-initial elementor-position-top elementor-widget elementor-widget-image-box\" data-id=\"81e34ea\" data-element_type=\"widget\" data-e-type=\"widget\" data-widget_type=\"image-box.default\">\n\t\t\t\t\t<div class=\"elementor-image-box-wrapper\"><figure class=\"elementor-image-box-img\"><img loading=\"lazy\" decoding=\"async\" width=\"450\" height=\"450\" src=\"https:\/\/almazara.ch\/wp-content\/uploads\/2026\/01\/MADURACION.webp\" class=\"attachment-full size-full wp-image-1140\" alt=\"\" srcset=\"https:\/\/almazara.ch\/wp-content\/uploads\/2026\/01\/MADURACION.webp 450w, https:\/\/almazara.ch\/wp-content\/uploads\/2026\/01\/MADURACION-300x300.webp 300w, https:\/\/almazara.ch\/wp-content\/uploads\/2026\/01\/MADURACION-150x150.webp 150w\" sizes=\"(max-width: 450px) 100vw, 450px\" \/><\/figure><div class=\"elementor-image-box-content\"><h3 class=\"elementor-image-box-title\">5. Reifung<\/h3><p class=\"elementor-image-box-description\">Die Schinken werden mehrere Monate in nat\u00fcrlichen Trocknungsr\u00e4umen gelagert, wo Temperatur und Luftfeuchtigkeit reguliert werden. Danach reifen sie jahrelang in Kellern und entwickeln dabei komplexe Aromen und eine unverwechselbare Textur.<\/p><\/div><\/div>\t\t\t\t<\/div>\n\t\t\t\t<div class=\"elementor-element elementor-element-ca5fb40 elementor-widget__width-initial elementor-position-top elementor-widget elementor-widget-image-box\" data-id=\"ca5fb40\" data-element_type=\"widget\" data-e-type=\"widget\" data-widget_type=\"image-box.default\">\n\t\t\t\t\t<div class=\"elementor-image-box-wrapper\"><figure class=\"elementor-image-box-img\"><img loading=\"lazy\" decoding=\"async\" width=\"450\" height=\"450\" src=\"https:\/\/almazara.ch\/wp-content\/uploads\/2026\/01\/CALA.webp\" class=\"attachment-full size-full wp-image-1155\" alt=\"\" srcset=\"https:\/\/almazara.ch\/wp-content\/uploads\/2026\/01\/CALA.webp 450w, https:\/\/almazara.ch\/wp-content\/uploads\/2026\/01\/CALA-300x300.webp 300w, https:\/\/almazara.ch\/wp-content\/uploads\/2026\/01\/CALA-150x150.webp 150w\" sizes=\"(max-width: 450px) 100vw, 450px\" \/><\/figure><div class=\"elementor-image-box-content\"><h3 class=\"elementor-image-box-title\">6. Qualit\u00e4tskontrolle<\/h3><p class=\"elementor-image-box-description\">Im Keller wird der Schinken verfeinert, der nat\u00fcrliche Schimmelbefall \u00fcberwacht und das St\u00fcck mit Schweineschmalz eingerieben. Meister-Schinkenschneider f\u00fchren aromatische Stichproben durch, bevor der Schinken schlie\u00dflich vermarktet wird.<\/p><\/div><\/div>\t\t\t\t<\/div>\n\t\t\t\t<\/div>\n\t\t\t\t<\/div>\n\t\t\t\t\t<\/div>\n\t\t\t\t<\/div>\n\t\t<div class=\"elementor-element elementor-element-115a80e e-flex e-con-boxed e-con e-parent\" data-id=\"115a80e\" data-element_type=\"container\" data-e-type=\"container\" data-settings=\"{&quot;background_background&quot;:&quot;classic&quot;}\">\n\t\t\t\t\t<div class=\"e-con-inner\">\n\t\t\t\t<div class=\"elementor-element elementor-element-b01cbd9 elementor-widget elementor-widget-heading\" data-id=\"b01cbd9\" data-element_type=\"widget\" data-e-type=\"widget\" data-widget_type=\"heading.default\">\n\t\t\t\t\t<h2 class=\"elementor-heading-title elementor-size-default\">Unsere Produkte erwerben<\/h2>\t\t\t\t<\/div>\n\t\t\t\t<div class=\"elementor-element elementor-element-e1cfe9c elementor-widget__width-initial elementor-widget-mobile__width-inherit elementor-widget elementor-widget-heading\" data-id=\"e1cfe9c\" data-element_type=\"widget\" data-e-type=\"widget\" data-widget_type=\"heading.default\">\n\t\t\t\t\t<h2 class=\"elementor-heading-title elementor-size-default\">Jedes Produkt wird im direkten Gespr\u00e4ch mit unserer Vertreterin reserviert. Ein privater, pers\u00f6nlicher und vollst\u00e4ndig exklusiver Service.<\/h2>\t\t\t\t<\/div>\n\t\t\t\t<div class=\"elementor-element elementor-element-16d4d3a elementor-align-center elementor-widget elementor-widget-button\" data-id=\"16d4d3a\" data-element_type=\"widget\" data-e-type=\"widget\" data-widget_type=\"button.default\">\n\t\t\t\t\t\t\t\t\t\t<a class=\"elementor-button elementor-button-link elementor-size-sm\" href=\"https:\/\/api.whatsapp.com\/send?phone=+41767927504&#038;text=Hello,%20how%20are%20you?%20I%E2%80%99m%20interested%20in%20purchasing%20Almazara%E2%80%99s%20products.\">\n\t\t\t\t\t\t<span class=\"elementor-button-content-wrapper\">\n\t\t\t\t\t\t\t\t\t<span class=\"elementor-button-text\">EINEN VERKAUFSBERATER KONTAKTIEREN<\/span>\n\t\t\t\t\t<\/span>\n\t\t\t\t\t<\/a>\n\t\t\t\t\t\t\t\t<\/div>\n\t\t\t\t\t<\/div>\n\t\t\t\t<\/div>\n\t\t\t\t<\/div>","protected":false},"excerpt":{"rendered":"<p>JAMONES 100% IB\u00c9RICOS Curaci\u00f3n lenta y respeto absoluto por el proceso CONTACTAR CON UN AGENTE DE VENTAS Sobre Nosotros Nuestra filosof\u00eda es clara: \u201cEres lo que comes.\u201dPor eso solo ofrecemos productos que representan lo mejor de la cultura espa\u00f1ola en la gastron\u00f3mia. Uno de nuestros valores esenciales es la cercan\u00eda. Hemos construido una amplia red [&hellip;]<\/p>\n","protected":false},"author":1,"featured_media":0,"parent":0,"menu_order":0,"comment_status":"closed","ping_status":"closed","template":"","meta":{"footnotes":""},"class_list":["post-549","page","type-page","status-publish","hentry"],"_hostinger_reach_plugin_has_subscription_block":false,"_hostinger_reach_plugin_is_elementor":false,"_links":{"self":[{"href":"https:\/\/almazara.ch\/de\/wp-json\/wp\/v2\/pages\/549","targetHints":{"allow":["GET"]}}],"collection":[{"href":"https:\/\/almazara.ch\/de\/wp-json\/wp\/v2\/pages"}],"about":[{"href":"https:\/\/almazara.ch\/de\/wp-json\/wp\/v2\/types\/page"}],"author":[{"embeddable":true,"href":"https:\/\/almazara.ch\/de\/wp-json\/wp\/v2\/users\/1"}],"replies":[{"embeddable":true,"href":"https:\/\/almazara.ch\/de\/wp-json\/wp\/v2\/comments?post=549"}],"version-history":[{"count":79,"href":"https:\/\/almazara.ch\/de\/wp-json\/wp\/v2\/pages\/549\/revisions"}],"predecessor-version":[{"id":1207,"href":"https:\/\/almazara.ch\/de\/wp-json\/wp\/v2\/pages\/549\/revisions\/1207"}],"wp:attachment":[{"href":"https:\/\/almazara.ch\/de\/wp-json\/wp\/v2\/media?parent=549"}],"curies":[{"name":"wp","href":"https:\/\/api.w.org\/{rel}","templated":true}]}}